{"id":10,"date":"2022-09-03T13:08:04","date_gmt":"2022-09-03T11:08:04","guid":{"rendered":"https:\/\/ava-portal.com\/?page_id=10"},"modified":"2025-02-08T19:19:56","modified_gmt":"2025-02-08T18:19:56","slug":"ueber-mich","status":"publish","type":"page","link":"https:\/\/ava-portal.com\/en\/ueber-mich\/","title":{"rendered":"About"},"content":{"rendered":"<h2 style=\"\">There\u2019s already an abundance of words in this world.<\/h2>\n<p style=\"\">That\u2019s why my introduction begins with a different mode of expression: my frequencies.<\/p>\n<p style=\"text-align: right;\">Conifer. Says my homeopath.<\/p>\n<p style=\"text-align: right;\">Aries. Says my star sign.<\/p>\n<p style=\"text-align: right;\">Aquarius. Says my moon.<\/p>\n<p style=\"text-align: right;\">Preserver soul. And seer soul. Says Chiron.<\/p>\n<p style=\"text-align: right;\">The wise one. And bringer of peace.<\/p>\n<p style=\"text-align: right;\">&nbsp;Says Lilith.<\/p>\n<p style=\"text-align: right;\">Erdenh\u00fcterin. Sagen die Q&#8217;eroSchamanen.<\/p>\n<p style=\"text-align: right;\">AVA.PORTAL. I say.<\/p>\n<p style=\"text-align: center;\">Hi, I'm Anne.<\/p>\n<p><span style=\"width: 100%;\"><img decoding=\"async\" alt=\"\" width=\"438\" height=\"657\" title=\"\" data-id=\"241\" src=\"https:\/\/ava-portal.com\/wp-content\/uploads\/2022\/10\/Anne-Bichler_Ava-Portal_03.jpg\" style=\"aspect-ratio: auto 600 \/ 900;\" data-width=\"438\" data-height=\"657\" data-init-width=\"600\" data-init-height=\"900\" loading=\"lazy\" ml-d=\"-7.175999999999988\" mt-d=\"0\" ml-m=\"-30.80000000000001\"><\/span><span style=\"width: 100%;\"><img decoding=\"async\" alt=\"\" width=\"300\" height=\"900\" title=\"\" data-id=\"240\" src=\"https:\/\/ava-portal.com\/wp-content\/uploads\/2022\/10\/Anne-Bichler_Ava-Portal_02.jpg\" style=\"aspect-ratio: auto 600 \/ 900;\" data-width=\"300\" data-init-width=\"600\" data-init-height=\"900\" loading=\"lazy\"><\/span><\/p>\n<h3 style=\"color: rgb(72, 99, 64) !important; --tcb-applied-color:rgb(72, 99, 64)  !important;\">Ever since I can remember I have been searching.<\/h3>\n<p style=\"color: rgb(49, 60, 42) !important; --tcb-applied-color:rgb(49, 60, 42)  !important;\">Nach dem Sinn meines Hierseins. Hier, wo mir so vieles unbegreiflich war.Nachts habe ich immer wieder in den Sternenhimmel geschaut. Viele N\u00e4chte im Freien verbracht, am liebsten ganz alleine in unber\u00fchrter Natur. Auf dem R\u00fccken liegend stundenlang ins Firmament geschaut. Mich gefragt, woher ich komme. Eine uns\u00e4gliche Sehnsucht gesp\u00fcrt. Um Antworten gebeten.<\/p>\n<p style=\"color: rgb(72, 99, 64) !important; --tcb-applied-color:rgb(72, 99, 64)  !important;\">And at some point, after many years, all of a sudden, as if out of nowhere, it was clear. Where I come from and why I am here.<\/p>\n<h2 style=\"color: rgb(72, 99, 64) !important; --tcb-applied-color:rgb(72, 99, 64)  !important;\">I am a mediator between the worlds.<\/h2>\n<p style=\"color: rgb(49, 60, 42) !important; --tcb-applied-color:rgb(49, 60, 42)  !important;\">A portal into other dimensions. Endowed with a special gift that opens the door for others to their own unique frequency. I can hold the space for those who want to remember again. Remember who they are and have been since time immemorial. Why they are here. At this time. For those ready to acknowledge and reclaim their power.<\/p>\n<p style=\"color: rgb(72, 99, 64) !important; --tcb-applied-color:rgb(72, 99, 64)  !important;\">To take their place.<\/p>\n<h3 style=\"text-align: left; color: rgb(72, 99, 64) !important; --tcb-applied-color:rgb(72, 99, 64)  !important;\">Here and now.<\/h3>\n<p style=\"\"><a href=\"https:\/\/ava-portal.com\/en\/#startseite-angebote\" style=\"outline: none;\">Erfahre hier mehr \u00fcber meine Angebote&#8230;<\/a><\/p>\n<p><span><img decoding=\"async\" alt=\"Anne Bichler - Ava-Portal\" data-id=\"239\" width=\"344\" data-init-width=\"700\" height=\"344\" data-init-height=\"700\" title=\"Anne-Bichler_Ava-Portal_01\" loading=\"lazy\" src=\"https:\/\/ava-portal.com\/wp-content\/uploads\/2022\/10\/Anne-Bichler_Ava-Portal_01.jpg\" data-width=\"344\" data-height=\"344\" style=\"aspect-ratio: auto 700 \/ 700;\"><\/span><span style=\"width: 100%;\"><img decoding=\"async\" alt=\"\" width=\"627\" height=\"417\" title=\"\" data-id=\"670\" src=\"https:\/\/ava-portal.com\/wp-content\/uploads\/2022\/11\/Douglasie_Mission_2.jpg\" style=\"aspect-ratio: auto 700 \/ 466;\" data-width=\"627\" data-height=\"417\" data-init-width=\"700\" data-init-height=\"466\" loading=\"lazy\" ml-d=\"-262\" center-h-d=\"false\" ml-t=\"-228.89999999999998\" ml-m=\"-135\" mt-m=\"0\" center-h-m=\"false\"><\/span><\/p>\n<h2 style=\"text-align: left; color: rgb(72, 99, 64) !important; --tcb-applied-color:rgb(72, 99, 64)  !important;\">Mission<\/h2>\n<h3 style=\"color: rgb(72, 99, 64) !important; --tcb-applied-color:rgb(72, 99, 64)  !important;\">I stand for self-empowerment.<\/h3>\n<p style=\"color: rgb(49, 60, 42) !important; --tcb-applied-color:rgb(49, 60, 42)  !important;\">And ascend my throne.<\/p>\n<p style=\"color: rgb(49, 60, 42) !important; --tcb-applied-color:rgb(49, 60, 42)  !important;\"><strong>For myself and all those who share this deep longing within.<\/strong>Die sp\u00fcren: da ist noch so viel mehr. Die wissen, dass es \u201cdas hier&#8220;, und so wie es l\u00e4uft, auf Dauer nicht sein kann. Aber noch nicht genau wissen, wie sie dahin kommen, wohin es sie zieht. Und was genau sie zieht. Wohin genau?<strong>For the brave. <\/strong>Who defy their boundless fear to keep going. Who\u2019ve resolved to reclaim their power. And vowed never again to let their fear hold them back. With a pounding heart and shaky knees. Nonetheless pressing on. Walking or crawling. Crying, screaming, cursing, praying. Out loud or in silence. Always pushing ahead.<\/p>\n<p style=\"color: rgb(49, 60, 42) !important; --tcb-applied-color:rgb(49, 60, 42)  !important;\"><strong>For all those ready to release the past. Even if the future is still beyond their grasp. <\/strong>Who have the courage to let go. Despite the lack of written guarantees that all will turn out \"well\". Deep down they know: all is always well. No matter how it looks. Because it's a matter of perspective. So they can cope when at times this certainty fades in the face of their challenges. Because nevertheless, they are alive. They fall. Get up. Shake themselves. And move on.<strong>Who know that judgments bind, constrain, restrict. <\/strong>And that we are at once multidimensional and know NOTHING. Who dare to crack open the corset of security. Ready to walk through fire. And would rather burn than be buried alive.<\/p>\n<p style=\"color: rgb(49, 60, 42) !important; --tcb-applied-color:rgb(49, 60, 42)  !important;\">For all who are willing to be slandered, mocked and ridiculed. Who dare to make mistakes and accept them as a test. So that come what may, they uphold their innate frequency. A work in progress.<\/p>\n<p style=\"color: rgb(72, 99, 64) !important; --tcb-applied-color:rgb(72, 99, 64)  !important;\">For me and all others on this path. I walk. I stand. I hold the space.<\/p>\n<p style=\"color: rgb(49, 60, 42) !important; --tcb-applied-color:rgb(49, 60, 42)  !important;\">With a pounding heart and shaky knees.<\/p>\n<p><span style=\"width: 100%;\"><img decoding=\"async\" alt=\"\" width=\"467\" height=\"774\" title=\"\" data-id=\"669\" src=\"https:\/\/ava-portal.com\/wp-content\/uploads\/2022\/11\/Douglasie_Mission.jpg\" style=\"aspect-ratio: auto 600 \/ 774;\" data-width=\"467\" data-init-width=\"600\" data-init-height=\"774\" loading=\"lazy\" ml-d=\"-50.89999999999998\" center-h-d=\"false\" ml-m=\"-36.61200000000002\"><\/span><span><img decoding=\"async\" alt=\"\" data-id=\"830\" width=\"500\" data-init-width=\"500\" height=\"473\" data-init-height=\"473\" title=\"\" loading=\"lazy\" src=\"https:\/\/ava-portal.com\/wp-content\/uploads\/2022\/11\/Goldstaub_3c.png\" data-width=\"500\" style=\"aspect-ratio: auto 500 \/ 473;\"><\/span><\/p>\n<p style=\"text-align: center; color: rgb(72, 99, 64) !important; --tcb-applied-color:rgb(72, 99, 64)  !important;\">\u201eYou can never solve a problem on the level on which it was created.\u201c<\/p>\n<p style=\"text-align: center; color: rgb(49, 60, 42) !important; --tcb-applied-color:rgb(49, 60, 42)  !important;\">ALBERT EINstein<\/p>\n<h2 style=\"color: rgb(72, 99, 64) !important; --tcb-applied-color: rgb(72, 99, 64) !important; text-align: center;\">Willkommen in meiner Welt!<\/h2>\n<p style=\"text-align: center;\">Hier kannst Du Dich umschauen.<\/p>\n<p style=\"text-align: center;\">Dich schon mal ein bisschen mit meinen Ideen und Gedanken vertraut machen.<\/p>\n<p style=\"text-align: center;\">Und Dich rund um das Thema HEILUNG, also rund ums HEILwerden inspirieren lassen.<\/p>\n<p><a href=\"https:\/\/ava-portal.com\/en\/trauma-und-traumafolgen\/\" dynamic-postlink=\"tcb_post_the_permalink\" data-shortcode-id=\"1735\" tabindex=\"0\"><\/a><\/p>\n<h2 style=\"\"><span data-attr-link=\"1\" data-attr-rel=\"0\" data-attr-target=\"0\" data-extra_key=\"\" data-option-inline=\"1\" data-shortcode=\"tcb_post_title\" data-shortcode-name=\"Post title\" data-attr-static-link=\"{&quot;className&quot;:&quot;&quot;,&quot;href&quot;:&quot;https:\/\/ava-portal.com\/trauma-und-traumafolgen\/&quot;,&quot;title&quot;:&quot;Trauma und Traumafolgen&quot;,&quot;data-css&quot;:&quot;tve-u-190c5e428c7&quot;,&quot;class&quot;:&quot;&quot;,&quot;tabindex&quot;:&quot;0&quot;}\" data-attr-css=\"tve-u-190c5e428c7\"><a href=\"https:\/\/ava-portal.com\/en\/trauma-und-traumafolgen\/\" title=\"Trauma und Traumafolgen\">Trauma und Traumafolgen<\/a><\/span><\/h2>\n<p><a href=\"https:\/\/ava-portal.com\/en\/trauma-und-traumafolgen\/\" tabindex=\"0\" style=\"\"><span style=\"\"><span style=\"\">zum Blogartikel<\/span><\/span><\/a><a href=\"https:\/\/ava-portal.com\/en\/welche-traumatherapien-gibt-es\/\" dynamic-postlink=\"tcb_post_the_permalink\" data-shortcode-id=\"1735\" tabindex=\"0\"><\/a><\/p>\n<h2 style=\"\"><span data-attr-link=\"1\" data-attr-rel=\"0\" data-attr-target=\"0\" data-extra_key=\"\" data-option-inline=\"1\" data-shortcode=\"tcb_post_title\" data-shortcode-name=\"Post title\" data-attr-static-link=\"{&quot;className&quot;:&quot;&quot;,&quot;href&quot;:&quot;https:\/\/ava-portal.com\/trauma-und-traumafolgen\/&quot;,&quot;title&quot;:&quot;Trauma und Traumafolgen&quot;,&quot;data-css&quot;:&quot;tve-u-190c5e428c7&quot;,&quot;class&quot;:&quot;&quot;,&quot;tabindex&quot;:&quot;0&quot;}\" data-attr-css=\"tve-u-190c5e428c7\"><a href=\"https:\/\/ava-portal.com\/en\/welche-traumatherapien-gibt-es\/\" title=\"Welche Traumatherapien gibt es? Und welche ist f\u00fcr mich geeignet?\">Welche Traumatherapien gibt es? Und welche ist f\u00fcr mich geeignet?<\/a><\/span><\/h2>\n<p><a href=\"https:\/\/ava-portal.com\/en\/welche-traumatherapien-gibt-es\/\" tabindex=\"0\" style=\"\"><span style=\"\"><span style=\"\">zum Blogartikel<\/span><\/span><\/a><a href=\"https:\/\/ava-portal.com\/en\/traumatherapie-online\/\" dynamic-postlink=\"tcb_post_the_permalink\" data-shortcode-id=\"1735\" tabindex=\"0\"><\/a><\/p>\n<h2 style=\"\"><span data-attr-link=\"1\" data-attr-rel=\"0\" data-attr-target=\"0\" data-extra_key=\"\" data-option-inline=\"1\" data-shortcode=\"tcb_post_title\" data-shortcode-name=\"Post title\" data-attr-static-link=\"{&quot;className&quot;:&quot;&quot;,&quot;href&quot;:&quot;https:\/\/ava-portal.com\/trauma-und-traumafolgen\/&quot;,&quot;title&quot;:&quot;Trauma und Traumafolgen&quot;,&quot;data-css&quot;:&quot;tve-u-190c5e428c7&quot;,&quot;class&quot;:&quot;&quot;,&quot;tabindex&quot;:&quot;0&quot;}\" data-attr-css=\"tve-u-190c5e428c7\"><a href=\"https:\/\/ava-portal.com\/en\/traumatherapie-online\/\" title=\"Ist wirklich gute Traumatherapie auch ONLINE m\u00f6glich?\">Ist wirklich gute Traumatherapie auch ONLINE m\u00f6glich?<\/a><\/span><\/h2>\n<p><a href=\"https:\/\/ava-portal.com\/en\/traumatherapie-online\/\" tabindex=\"0\" style=\"\"><span style=\"\"><span style=\"\">zum Blogartikel<\/span><\/span><\/a><\/p>\n<h2 style=\"color: rgb(72, 99, 64) !important; --tcb-applied-color:rgb(72, 99, 64)  !important;\">Bleibe mit mir in Verbindung&#8230;<\/h2>\n<p style=\"\">I\u2019d be happy to keep you up to date on my offerings.<\/p>\n<p style=\"\">Register here for my <strong>newsletter<\/strong> and access my <strong>welcome gift<\/strong> f\u00fcr Dich &#8211; einen 10%-Gutschein f\u00fcr die Teilnahme an einem Gruppencall LIEBE.<\/p>","protected":false},"excerpt":{"rendered":"<p>Worte gibt es ja eigentlich schon genug auf dieser Erde. Deswegen stelle ich mich erst einmal etwas anders vor: In meinen Frequenzen. Conifere. Sagt mein Hom\u00f6opath. Widder. Sagt mein Sonnenzeichen. Wassermann. Sagt mein Mond. Bewahrerseele. Und Seherseele. Sagt Chiron. Die Weise. Und Friedensbringerin. &nbsp;Sagt Lilith. Erdenh\u00fcterin. Sagen die Q&#8217;eroSchamanen. AVA PORTAL. Sage ich. Hi, ich [&hellip;]<\/p>\n","protected":false},"author":1,"featured_media":241,"parent":0,"menu_order":0,"comment_status":"closed","ping_status":"closed","template":"","meta":{"footnotes":""},"class_list":["post-10","page","type-page","status-publish","has-post-thumbnail","hentry","post-wrapper","thrv_wrapper"],"yoast_head":"<!-- This site is optimized with the Yoast SEO plugin v27.3 - https:\/\/yoast.com\/product\/yoast-seo-wordpress\/ -->\n<title>\u00dcber mich - Anne Bichler - Ava Portal<\/title>\n<meta name=\"description\" content=\"Erfahre auf dieser Seite mehr \u00fcber Anne Bichler und ihrer Mission mit Ava Portal. Eine Mittlerin zwischen den Welten.\" \/>\n<meta name=\"robots\" content=\"index, follow, max-snippet:-1, max-image-preview:large, max-video-preview:-1\" \/>\n<link rel=\"canonical\" href=\"https:\/\/ava-portal.com\/en\/ueber-mich\/\" \/>\n<meta property=\"og:locale\" content=\"en_GB\" \/>\n<meta property=\"og:type\" content=\"article\" \/>\n<meta property=\"og:title\" content=\"Anne Bichler\" \/>\n<meta property=\"og:description\" content=\"Erfahre auf dieser Seite mehr \u00fcber Anne Bichler und ihrer Mission mit Ava Portal. Eine Mittlerin zwischen den Welten.\" \/>\n<meta property=\"og:url\" content=\"https:\/\/ava-portal.com\/en\/ueber-mich\/\" \/>\n<meta property=\"og:site_name\" content=\"Anne Bichler - Ava Portal\" \/>\n<meta property=\"article:modified_time\" content=\"2025-02-08T18:19:56+00:00\" \/>\n<meta property=\"og:image\" content=\"https:\/\/ava-portal.com\/wp-content\/uploads\/2022\/10\/Anne-Bichler_Ava-Portal_03.jpg\" \/>\n\t<meta property=\"og:image:width\" content=\"600\" \/>\n\t<meta property=\"og:image:height\" content=\"900\" \/>\n\t<meta property=\"og:image:type\" content=\"image\/jpeg\" \/>\n<meta name=\"twitter:card\" content=\"summary_large_image\" \/>\n<meta name=\"twitter:title\" content=\"Anne Bichler\" \/>\n<meta name=\"twitter:description\" content=\"Erfahre auf dieser Seite mehr \u00fcber Anne Bichler und ihrer Mission mit Ava Portal. Eine Mittlerin zwischen den Welten.\" \/>\n<meta name=\"twitter:label1\" content=\"Estimated reading time\" \/>\n\t<meta name=\"twitter:data1\" content=\"5 minutes\" \/>\n<script type=\"application\/ld+json\" class=\"yoast-schema-graph\">{\"@context\":\"https:\\\/\\\/schema.org\",\"@graph\":[{\"@type\":\"WebPage\",\"@id\":\"https:\\\/\\\/ava-portal.com\\\/ueber-mich\\\/\",\"url\":\"https:\\\/\\\/ava-portal.com\\\/ueber-mich\\\/\",\"name\":\"\u00dcber mich - Anne Bichler - Ava Portal\",\"isPartOf\":{\"@id\":\"https:\\\/\\\/ava-portal.com\\\/#website\"},\"primaryImageOfPage\":{\"@id\":\"https:\\\/\\\/ava-portal.com\\\/ueber-mich\\\/#primaryimage\"},\"image\":{\"@id\":\"https:\\\/\\\/ava-portal.com\\\/ueber-mich\\\/#primaryimage\"},\"thumbnailUrl\":\"https:\\\/\\\/ava-portal.com\\\/wp-content\\\/uploads\\\/2022\\\/10\\\/Anne-Bichler_Ava-Portal_03.jpg\",\"datePublished\":\"2022-09-03T11:08:04+00:00\",\"dateModified\":\"2025-02-08T18:19:56+00:00\",\"description\":\"Erfahre auf dieser Seite mehr \u00fcber Anne Bichler und ihrer Mission mit Ava Portal. Eine Mittlerin zwischen den Welten.\",\"breadcrumb\":{\"@id\":\"https:\\\/\\\/ava-portal.com\\\/ueber-mich\\\/#breadcrumb\"},\"inLanguage\":\"en-GB\",\"potentialAction\":[{\"@type\":\"ReadAction\",\"target\":[\"https:\\\/\\\/ava-portal.com\\\/ueber-mich\\\/\"]}]},{\"@type\":\"ImageObject\",\"inLanguage\":\"en-GB\",\"@id\":\"https:\\\/\\\/ava-portal.com\\\/ueber-mich\\\/#primaryimage\",\"url\":\"https:\\\/\\\/ava-portal.com\\\/wp-content\\\/uploads\\\/2022\\\/10\\\/Anne-Bichler_Ava-Portal_03.jpg\",\"contentUrl\":\"https:\\\/\\\/ava-portal.com\\\/wp-content\\\/uploads\\\/2022\\\/10\\\/Anne-Bichler_Ava-Portal_03.jpg\",\"width\":600,\"height\":900,\"caption\":\"Anne Bichler - Ava-Portal\"},{\"@type\":\"BreadcrumbList\",\"@id\":\"https:\\\/\\\/ava-portal.com\\\/ueber-mich\\\/#breadcrumb\",\"itemListElement\":[{\"@type\":\"ListItem\",\"position\":1,\"name\":\"Startseite\",\"item\":\"https:\\\/\\\/ava-portal.com\\\/\"},{\"@type\":\"ListItem\",\"position\":2,\"name\":\"\u00dcber mich\"}]},{\"@type\":\"WebSite\",\"@id\":\"https:\\\/\\\/ava-portal.com\\\/#website\",\"url\":\"https:\\\/\\\/ava-portal.com\\\/\",\"name\":\"Anne Bichler - Ava Portal\",\"description\":\"\",\"publisher\":{\"@id\":\"https:\\\/\\\/ava-portal.com\\\/#\\\/schema\\\/person\\\/9e84b7b6d3d3b39afee4ed5270e6fb6e\"},\"potentialAction\":[{\"@type\":\"SearchAction\",\"target\":{\"@type\":\"EntryPoint\",\"urlTemplate\":\"https:\\\/\\\/ava-portal.com\\\/?s={search_term_string}\"},\"query-input\":{\"@type\":\"PropertyValueSpecification\",\"valueRequired\":true,\"valueName\":\"search_term_string\"}}],\"inLanguage\":\"en-GB\"},{\"@type\":[\"Person\",\"Organization\"],\"@id\":\"https:\\\/\\\/ava-portal.com\\\/#\\\/schema\\\/person\\\/9e84b7b6d3d3b39afee4ed5270e6fb6e\",\"name\":\"Anne-ava-portal\",\"image\":{\"@type\":\"ImageObject\",\"inLanguage\":\"en-GB\",\"@id\":\"https:\\\/\\\/ava-portal.com\\\/wp-content\\\/uploads\\\/2022\\\/10\\\/Logo_AnneBichler.png\",\"url\":\"https:\\\/\\\/ava-portal.com\\\/wp-content\\\/uploads\\\/2022\\\/10\\\/Logo_AnneBichler.png\",\"contentUrl\":\"https:\\\/\\\/ava-portal.com\\\/wp-content\\\/uploads\\\/2022\\\/10\\\/Logo_AnneBichler.png\",\"width\":591,\"height\":236,\"caption\":\"Anne-ava-portal\"},\"logo\":{\"@id\":\"https:\\\/\\\/ava-portal.com\\\/wp-content\\\/uploads\\\/2022\\\/10\\\/Logo_AnneBichler.png\"},\"sameAs\":[\"http:\\\/\\\/ava-portal.com\"]}]}<\/script>\n<!-- \/ Yoast SEO plugin. -->","yoast_head_json":{"title":"\u00dcber mich - Anne Bichler - Ava Portal","description":"Erfahre auf dieser Seite mehr \u00fcber Anne Bichler und ihrer Mission mit Ava Portal. Eine Mittlerin zwischen den Welten.","robots":{"index":"index","follow":"follow","max-snippet":"max-snippet:-1","max-image-preview":"max-image-preview:large","max-video-preview":"max-video-preview:-1"},"canonical":"https:\/\/ava-portal.com\/en\/ueber-mich\/","og_locale":"en_GB","og_type":"article","og_title":"Anne Bichler","og_description":"Erfahre auf dieser Seite mehr \u00fcber Anne Bichler und ihrer Mission mit Ava Portal. Eine Mittlerin zwischen den Welten.","og_url":"https:\/\/ava-portal.com\/en\/ueber-mich\/","og_site_name":"Anne Bichler - Ava Portal","article_modified_time":"2025-02-08T18:19:56+00:00","og_image":[{"width":600,"height":900,"url":"https:\/\/ava-portal.com\/wp-content\/uploads\/2022\/10\/Anne-Bichler_Ava-Portal_03.jpg","type":"image\/jpeg"}],"twitter_card":"summary_large_image","twitter_title":"Anne Bichler","twitter_description":"Erfahre auf dieser Seite mehr \u00fcber Anne Bichler und ihrer Mission mit Ava Portal. Eine Mittlerin zwischen den Welten.","twitter_misc":{"Estimated reading time":"5 minutes"},"schema":{"@context":"https:\/\/schema.org","@graph":[{"@type":"WebPage","@id":"https:\/\/ava-portal.com\/ueber-mich\/","url":"https:\/\/ava-portal.com\/ueber-mich\/","name":"\u00dcber mich - Anne Bichler - Ava Portal","isPartOf":{"@id":"https:\/\/ava-portal.com\/#website"},"primaryImageOfPage":{"@id":"https:\/\/ava-portal.com\/ueber-mich\/#primaryimage"},"image":{"@id":"https:\/\/ava-portal.com\/ueber-mich\/#primaryimage"},"thumbnailUrl":"https:\/\/ava-portal.com\/wp-content\/uploads\/2022\/10\/Anne-Bichler_Ava-Portal_03.jpg","datePublished":"2022-09-03T11:08:04+00:00","dateModified":"2025-02-08T18:19:56+00:00","description":"Erfahre auf dieser Seite mehr \u00fcber Anne Bichler und ihrer Mission mit Ava Portal. Eine Mittlerin zwischen den Welten.","breadcrumb":{"@id":"https:\/\/ava-portal.com\/ueber-mich\/#breadcrumb"},"inLanguage":"en-GB","potentialAction":[{"@type":"ReadAction","target":["https:\/\/ava-portal.com\/ueber-mich\/"]}]},{"@type":"ImageObject","inLanguage":"en-GB","@id":"https:\/\/ava-portal.com\/ueber-mich\/#primaryimage","url":"https:\/\/ava-portal.com\/wp-content\/uploads\/2022\/10\/Anne-Bichler_Ava-Portal_03.jpg","contentUrl":"https:\/\/ava-portal.com\/wp-content\/uploads\/2022\/10\/Anne-Bichler_Ava-Portal_03.jpg","width":600,"height":900,"caption":"Anne Bichler - Ava-Portal"},{"@type":"BreadcrumbList","@id":"https:\/\/ava-portal.com\/ueber-mich\/#breadcrumb","itemListElement":[{"@type":"ListItem","position":1,"name":"Startseite","item":"https:\/\/ava-portal.com\/"},{"@type":"ListItem","position":2,"name":"\u00dcber mich"}]},{"@type":"WebSite","@id":"https:\/\/ava-portal.com\/#website","url":"https:\/\/ava-portal.com\/","name":"Anne Bichler - Ava Portal","description":"","publisher":{"@id":"https:\/\/ava-portal.com\/#\/schema\/person\/9e84b7b6d3d3b39afee4ed5270e6fb6e"},"potentialAction":[{"@type":"SearchAction","target":{"@type":"EntryPoint","urlTemplate":"https:\/\/ava-portal.com\/?s={search_term_string}"},"query-input":{"@type":"PropertyValueSpecification","valueRequired":true,"valueName":"search_term_string"}}],"inLanguage":"en-GB"},{"@type":["Person","Organization"],"@id":"https:\/\/ava-portal.com\/#\/schema\/person\/9e84b7b6d3d3b39afee4ed5270e6fb6e","name":"Anne-ava-portal","image":{"@type":"ImageObject","inLanguage":"en-GB","@id":"https:\/\/ava-portal.com\/wp-content\/uploads\/2022\/10\/Logo_AnneBichler.png","url":"https:\/\/ava-portal.com\/wp-content\/uploads\/2022\/10\/Logo_AnneBichler.png","contentUrl":"https:\/\/ava-portal.com\/wp-content\/uploads\/2022\/10\/Logo_AnneBichler.png","width":591,"height":236,"caption":"Anne-ava-portal"},"logo":{"@id":"https:\/\/ava-portal.com\/wp-content\/uploads\/2022\/10\/Logo_AnneBichler.png"},"sameAs":["http:\/\/ava-portal.com"]}]}},"_links":{"self":[{"href":"https:\/\/ava-portal.com\/en\/wp-json\/wp\/v2\/pages\/10","targetHints":{"allow":["GET"]}}],"collection":[{"href":"https:\/\/ava-portal.com\/en\/wp-json\/wp\/v2\/pages"}],"about":[{"href":"https:\/\/ava-portal.com\/en\/wp-json\/wp\/v2\/types\/page"}],"author":[{"embeddable":true,"href":"https:\/\/ava-portal.com\/en\/wp-json\/wp\/v2\/users\/1"}],"replies":[{"embeddable":true,"href":"https:\/\/ava-portal.com\/en\/wp-json\/wp\/v2\/comments?post=10"}],"version-history":[{"count":10,"href":"https:\/\/ava-portal.com\/en\/wp-json\/wp\/v2\/pages\/10\/revisions"}],"predecessor-version":[{"id":2189,"href":"https:\/\/ava-portal.com\/en\/wp-json\/wp\/v2\/pages\/10\/revisions\/2189"}],"wp:featuredmedia":[{"embeddable":true,"href":"https:\/\/ava-portal.com\/en\/wp-json\/wp\/v2\/media\/241"}],"wp:attachment":[{"href":"https:\/\/ava-portal.com\/en\/wp-json\/wp\/v2\/media?parent=10"}],"curies":[{"name":"wp","href":"https:\/\/api.w.org\/{rel}","templated":true}]}}