{"id":166,"date":"2022-10-08T05:01:32","date_gmt":"2022-10-08T03:01:32","guid":{"rendered":"https:\/\/ava-portal.com\/clone-of-startseite-2\/"},"modified":"2024-11-01T18:29:29","modified_gmt":"2024-11-01T17:29:29","slug":"ava-portal","status":"publish","type":"page","link":"https:\/\/ava-portal.com\/en\/","title":{"rendered":"Home"},"content":{"rendered":"<h1 style=\"text-align: center;\"><span>AVA. The PORTAL to Your True Greatness.<\/span><\/h1>\n<p style=\"text-align: center; color: rgb(72, 99, 64) !important; --tcb-applied-color: rgb(72, 99, 64) !important;\"><strong>Du willst weit \u00fcber Dich hinauswachsen?<\/strong>&nbsp;<\/p>\n<p style=\"text-align: center;\">Wissen, wer Du wirklich bist?<\/p>\n<p style=\"text-align: center;\">To remember what you came here for?<\/p>\n<p style=\"text-align: center;\">To consciously connect to your highest potential and greatness?<\/p>\n<p style=\"text-align: center;\"><strong><span style=\"--tcb-applied-color: rgb(49, 60, 42) !important; color: rgb(49, 60, 42) !important;\">TO LIVE THE LIFE THAT HAS BEEN AWAITING YOU SINCE THE VERY BEGINNING.<\/span><\/strong><\/p>\n<h2 style=\"text-align: center;\">Activating Your Essence<\/h2>\n<h3 style=\"text-align: right;\">AVA<\/h3>\n<p style=\"\">Strength<\/p>\n<h3 style=\"text-align: right;\">PORTAL<\/h3>\n<p style=\"\">Gateway, Entrance<\/p>\n<h3 style=\"text-align: right; color: rgb(245, 245, 245) !important; --tcb-applied-color:rgb(245, 245, 245)  !important;\">ESSENCE<\/h3>\n<p style=\"text-align: center;\">The fundamental core<\/p>\n<p style=\"\">A<\/p>\n<p style=\"text-align: center;\"><span>&#8222;The limits of the possible can only be defined by going beyond them into the impossible&#8220;&nbsp;<\/span><\/p>\n<p style=\"text-align: center; color: rgb(49, 60, 42) !important; --tcb-applied-color:rgb(49, 60, 42)  !important;\">Arthur C.Clarke<\/p>\n<h2 style=\"text-align: center;\">Offerings<\/h2>\n<h3 style=\"text-align: center; color: rgb(72, 99, 64) !important; --tcb-applied-color: rgb(72, 99, 64) !important;\">Love<\/h3>\n<p style=\"text-align: center;\"><span style=\"font-style: normal;\">Herzensraum.<\/span><\/p>\n<p style=\"text-align: center; color: rgb(72, 99, 64) !important; --tcb-applied-color:rgb(72, 99, 64)  !important;\">Me without I.<\/p>\n<p style=\"text-align: center;\">The space for pure love.<\/p>\n<p style=\"text-align: center;\">No ifs or buts.<\/p>\n<p style=\"text-align: center;\">Bathe in love.<\/p>\n<p style=\"text-align: center;\">The foundation. For everything.<\/p>\n<p style=\"text-align: center;\">\n<p style=\"text-align: center;\">Als Gruppencall.<\/p>\n<h3 style=\"text-align: center; color: rgb(72, 99, 64) !important; --tcb-applied-color: rgb(72, 99, 64) !important;\">ALCHEMY<\/h3>\n<p style=\"text-align: center;\"><span style=\"font-style: normal;\">For the brave.<\/span><\/p>\n<p style=\"text-align: center; color: rgb(72, 99, 64) !important; --tcb-applied-color:rgb(72, 99, 64)  !important;\">Be who you are.<\/p>\n<p style=\"text-align: center;\">Der Raum f\u00fcr das Abtauchen in Deine Katakomben. Begegnung mit Deinen abgespaltenen Anteilen, Transformation und Integration.Der Turbo. Durch die Finsternis ins Licht. Als Gruppencall oder VIP.<\/p>\n<h2 style=\"text-align: center; color: rgb(72, 99, 64) !important; --tcb-applied-color: rgb(72, 99, 64) !important;\">Vision &amp; <span>Manifestation<\/span><\/h2>\n<p style=\"text-align: center;\"><span style=\"font-style: normal;\">Going all-in<\/span><\/p>\n<p style=\"text-align: center; color: rgb(72, 99, 64) !important; --tcb-applied-color:rgb(72, 99, 64)  !important;\">Let&#8217;s do this!<\/p>\n<p style=\"text-align: center;\">Your new life. Tailored. For you and through you. The highway to manifested potential.<\/p>\n<p style=\"text-align: center;\">\n<p style=\"text-align: center;\">Standard or VIP<\/p>\n<h2 style=\"text-align: center;\">Angebote VIP<\/h2>\n<p><span><img decoding=\"async\" alt=\"\" data-id=\"2070\" width=\"246\" data-init-width=\"1059\" height=\"246\" data-init-height=\"1059\" title=\"\" loading=\"lazy\" src=\"https:\/\/ava-portal.com\/wp-content\/uploads\/2024\/10\/Sonnenlicht-im-Wald_Essenz_quadrat.jpg\" data-width=\"246\" data-height=\"246\" style=\"aspect-ratio: auto 1059 \/ 1059;\"><\/span><\/p>\n<h3 style=\"text-align: center; color: rgb(72, 99, 64) !important; --tcb-applied-color: rgb(72, 99, 64) !important;\">Essence<\/h3>\n<p style=\"text-align: center;\"><span style=\"font-style: normal;\">The ultimate activation<\/span><\/p>\n<p style=\"text-align: center; color: rgb(72, 99, 64) !important; --tcb-applied-color:rgb(72, 99, 64)  !important;\">Recognize your Self.<\/p>\n<p style=\"text-align: center;\">Der Raum, Dich mit deiner UrFrequenz zu verbinden.Erinnere Dich wieder daran, wer Du bist und warum Du hier bist.Die Raketenschuhe. In Deine wahre Wirkmacht.Als VIP<\/p>\n<p><span><img decoding=\"async\" alt=\"\" data-id=\"2071\" width=\"250\" data-init-width=\"1020\" height=\"250\" data-init-height=\"1020\" title=\"Gruene-Lunge_quadrat\" loading=\"lazy\" src=\"https:\/\/ava-portal.com\/wp-content\/uploads\/2024\/10\/Gruene-Lunge_quadrat.jpg\" data-width=\"250\" data-height=\"250\" style=\"aspect-ratio: auto 1020 \/ 1020;\"><\/span><\/p>\n<h2 style=\"text-align: center; color: rgb(72, 99, 64) !important; --tcb-applied-color: rgb(72, 99, 64) !important;\">Activate the Healer within<\/h2>\n<p style=\"text-align: center;\"><span style=\"font-style: normal;\">Erwecke Deine Heilkraft!<\/span><\/p>\n<p style=\"text-align: center; color: rgb(72, 99, 64) !important; --tcb-applied-color:rgb(72, 99, 64)  !important;\">There are no limits!<\/p>\n<p style=\"text-align: center;\">Das Intensiv-Programm um Dich mit Deinem inneren Heiler, Deiner eigenen grenzenlosen<\/p>\n<p style=\"text-align: center;\">&nbsp;Heilkraft zu verbinden.Wahre Heilung in der Hingabe an die pure Lebenskraft.<\/p>\n<p style=\"text-align: center;\">\n<p style=\"text-align: center;\">Designed as a VIP offering<\/p>\n<h2 style=\"text-align: center;\">Themen-Workshops<\/h2>\n<p style=\"text-align: center; color: rgb(72, 99, 64) !important; --tcb-applied-color: rgb(72, 99, 64) !important;\">Willkommen in meinem Selbsthilfe-Bereich!<\/p>\n<p><span style=\"\"><img decoding=\"async\" alt=\"\" data-id=\"1966\" width=\"432\" data-init-width=\"1000\" height=\"189\" data-init-height=\"438\" title=\"\" loading=\"lazy\" src=\"https:\/\/ava-portal.com\/wp-content\/uploads\/2024\/10\/CHC-Schriftzug_kl.png\" data-width=\"432\" data-height=\"189\" style=\"aspect-ratio: auto 1000 \/ 438;\" ml-m=\"0\" mt-m=\"0\"><\/span><\/p>\n<p style=\"text-align: center;\"><span style=\"font-style: normal;\">DIE COMMUNITY F\u00dcR ALLE, DIE IHRE SELBSTHEILUNG AKTIV UNTERST\u00dcTZEN WOLLEN!<\/span><\/p>\n<p style=\"\">Hier bekommst Du regelm\u00e4\u00dfig wichtige Informationen, Kurse und Tools zu verschiedensten Themen &#8211; um proaktiv Deine Selbstheilung zu unterst\u00fctzen. Lass Dich von meinem vielf\u00e4ltigen Programm inspirieren und lerne, Deine wahre Kraft wieder zu entdecken und zu nutzen.<\/p>\n<p style=\"\">Beweise Dir selbst und auch anderen, dass viel mehr m\u00f6glich ist als Du bisher dachtest. Und das sogar ziemlich einfach.<\/p>\n<p style=\"text-align: center;\">This is your chance!&nbsp;<\/p>\n<p style=\"text-align: center;\"><span>&#8222;<\/span>Ich bin nicht das, was mir passiert ist. Ich bin das, was ich entscheide zu werden.&#8220;<span>&nbsp;<\/span><\/p>\n<p style=\"text-align: center; color: rgb(49, 60, 42) !important; --tcb-applied-color:rgb(49, 60, 42)  !important;\">C.G. Jung<\/p>\n<h2 style=\"color: rgb(245, 245, 245) !important; --tcb-applied-color:rgb(245, 245, 245)  !important;\">Welcome, I'm Anne.<\/h2>\n<p>Ich bin hier, Dir mit meiner Arbeit die Tore zu Deinem wahren Sein, Deiner Multidimensionalit\u00e4t und zu Deiner UrFrequenz zu \u00f6ffnen.<\/p>\n<p>I am here for anyone who carries a deep longing to realize their full potential. Who knows that there\u2019s still so much more waiting for them. Who harbors a memory of their mission. And who is ready to realize their true strength and power.<\/p>\n<p style=\"\">Anne Bichler<\/p>\n<p style=\"\"><a href=\"https:\/\/ava-portal.com\/en\/ueber-mich\/\" style=\"outline: none;\">Klicke hier, um mehr \u00fcber mich zu erfahren&#8230;<\/a><\/p>\n<p><span style=\"width: 100%;\"><img decoding=\"async\" alt=\"\" width=\"258\" height=\"1920\" title=\"\" data-id=\"127\" src=\"https:\/\/ava-portal.com\/wp-content\/uploads\/2022\/10\/Anne-Bichler_Ava-Portal.jpg\" style=\"aspect-ratio: auto 1280 \/ 1920;\" data-width=\"258\" data-init-width=\"1280\" data-init-height=\"1920\" loading=\"lazy\"><\/span><\/p>\n<p style=\"\">newsletter-Ankerlink<\/p>\n<h2 style=\"color: rgb(72, 99, 64) !important; --tcb-applied-color: rgb(72, 99, 64) !important; text-align: center;\">Willkommen in meiner Welt!<\/h2>\n<p style=\"text-align: center;\">Hier kannst Du Dich umschauen.<\/p>\n<p style=\"text-align: center;\">Dich schon mal ein bisschen mit meinen Ideen und Gedanken vertraut machen.<\/p>\n<p style=\"text-align: center;\">Und Dich rund um das Thema HEILUNG, also rund ums HEILwerden inspirieren lassen.<\/p>\n<p><a href=\"https:\/\/ava-portal.com\/en\/trauma-und-traumafolgen\/\" dynamic-postlink=\"tcb_post_the_permalink\" data-shortcode-id=\"1735\" tabindex=\"0\"><\/a><\/p>\n<h2 style=\"\"><span data-attr-link=\"1\" data-attr-rel=\"0\" data-attr-target=\"0\" data-extra_key=\"\" data-option-inline=\"1\" data-shortcode=\"tcb_post_title\" data-shortcode-name=\"Post title\" data-attr-static-link=\"{&quot;className&quot;:&quot;&quot;,&quot;href&quot;:&quot;https:\/\/ava-portal.com\/trauma-und-traumafolgen\/&quot;,&quot;title&quot;:&quot;Trauma und Traumafolgen&quot;,&quot;data-css&quot;:&quot;tve-u-190c5ae91d5&quot;,&quot;class&quot;:&quot;&quot;,&quot;tabindex&quot;:&quot;0&quot;}\" data-attr-css=\"tve-u-190c5ae91d5\"><a href=\"https:\/\/ava-portal.com\/en\/trauma-und-traumafolgen\/\" title=\"Trauma und Traumafolgen\">Trauma und Traumafolgen<\/a><\/span><\/h2>\n<p><a href=\"https:\/\/ava-portal.com\/en\/trauma-und-traumafolgen\/\" tabindex=\"0\" style=\"\"><span style=\"\"><span style=\"\">zum Blogartikel<\/span><\/span><\/a><a href=\"https:\/\/ava-portal.com\/en\/welche-traumatherapien-gibt-es\/\" dynamic-postlink=\"tcb_post_the_permalink\" data-shortcode-id=\"1735\" tabindex=\"0\"><\/a><\/p>\n<h2 style=\"\"><span data-attr-link=\"1\" data-attr-rel=\"0\" data-attr-target=\"0\" data-extra_key=\"\" data-option-inline=\"1\" data-shortcode=\"tcb_post_title\" data-shortcode-name=\"Post title\" data-attr-static-link=\"{&quot;className&quot;:&quot;&quot;,&quot;href&quot;:&quot;https:\/\/ava-portal.com\/trauma-und-traumafolgen\/&quot;,&quot;title&quot;:&quot;Trauma und Traumafolgen&quot;,&quot;data-css&quot;:&quot;tve-u-190c5ae91d5&quot;,&quot;class&quot;:&quot;&quot;,&quot;tabindex&quot;:&quot;0&quot;}\" data-attr-css=\"tve-u-190c5ae91d5\"><a href=\"https:\/\/ava-portal.com\/en\/welche-traumatherapien-gibt-es\/\" title=\"Welche Traumatherapien gibt es? Und welche ist f\u00fcr mich geeignet?\">Welche Traumatherapien gibt es? Und welche ist f\u00fcr mich geeignet?<\/a><\/span><\/h2>\n<p><a href=\"https:\/\/ava-portal.com\/en\/welche-traumatherapien-gibt-es\/\" tabindex=\"0\" style=\"\"><span style=\"\"><span style=\"\">zum Blogartikel<\/span><\/span><\/a><a href=\"https:\/\/ava-portal.com\/en\/traumatherapie-online\/\" dynamic-postlink=\"tcb_post_the_permalink\" data-shortcode-id=\"1735\" tabindex=\"0\"><\/a><\/p>\n<h2 style=\"\"><span data-attr-link=\"1\" data-attr-rel=\"0\" data-attr-target=\"0\" data-extra_key=\"\" data-option-inline=\"1\" data-shortcode=\"tcb_post_title\" data-shortcode-name=\"Post title\" data-attr-static-link=\"{&quot;className&quot;:&quot;&quot;,&quot;href&quot;:&quot;https:\/\/ava-portal.com\/trauma-und-traumafolgen\/&quot;,&quot;title&quot;:&quot;Trauma und Traumafolgen&quot;,&quot;data-css&quot;:&quot;tve-u-190c5ae91d5&quot;,&quot;class&quot;:&quot;&quot;,&quot;tabindex&quot;:&quot;0&quot;}\" data-attr-css=\"tve-u-190c5ae91d5\"><a href=\"https:\/\/ava-portal.com\/en\/traumatherapie-online\/\" title=\"Ist wirklich gute Traumatherapie auch ONLINE m\u00f6glich?\">Ist wirklich gute Traumatherapie auch ONLINE m\u00f6glich?<\/a><\/span><\/h2>\n<p><a href=\"https:\/\/ava-portal.com\/en\/traumatherapie-online\/\" tabindex=\"0\" style=\"\"><span style=\"\"><span style=\"\">zum Blogartikel<\/span><\/span><\/a><\/p>\n<h2 style=\"color: rgb(72, 99, 64) !important; --tcb-applied-color:rgb(72, 99, 64)  !important;\">Bleibe mit mir in Verbindung&#8230;<\/h2>\n<p style=\"\">I\u2019d be happy to keep you up to date on my offerings.<\/p>\n<p style=\"\">Register here for my <strong>newsletter<\/strong> and access my <strong>welcome gift<\/strong> f\u00fcr Dich &#8211; einen 10%-Gutschein f\u00fcr die Teilnahme an einem Gruppencall LIEBE.<\/p>\n<p style=\"\"><em><strong>\u2026die Newsletter-Anmelde-Box \u00f6ffnet sich nicht? <\/strong>Damit du dich f\u00fcr den Newsletter anmelden kannst, musst du den entsprechenden Cookies zustimmen. Klicke daf\u00fcr in der Fu\u00dfzeile auf \u201eCookie-Einstellungen \u00e4ndern\u201c und stimme den \u201eMarketing-Cookies\u201c zu<\/em>.<\/p>","protected":false},"excerpt":{"rendered":"<p>AVA. Das PORTAL in Deine Wahre Gr\u00f6\u00dfe. Du willst weit \u00fcber Dich hinauswachsen?&nbsp; Wissen, wer Du wirklich bist? Dich wieder erinnern, warum Du hierhergekommen bist? Dich bewusst mit Deiner wahren Kraft und Gr\u00f6\u00dfe verbinden? Um das zu leben, was seit Anbeginn auf dich wartet. Aktivierung Deiner Essenz AVA die Starke PORTAL Pforte, Zugang ESSENZ das [&hellip;]<\/p>\n","protected":false},"author":1,"featured_media":644,"parent":0,"menu_order":0,"comment_status":"closed","ping_status":"open","template":"","meta":{"footnotes":""},"class_list":["post-166","page","type-page","status-publish","has-post-thumbnail","hentry","post-wrapper","thrv_wrapper"],"yoast_head":"<!-- This site is optimized with the Yoast SEO plugin v27.3 - https:\/\/yoast.com\/product\/yoast-seo-wordpress\/ -->\n<title>Startseite - Anne Bichler - Ava Portal<\/title>\n<meta name=\"description\" content=\"Ava Portal - Das Portal in Deine wahre Gr\u00f6\u00dfe. Aktiviere Deine Essenz, um das zu leben, was seit Anbeginn auf Dich wartet.\" \/>\n<meta name=\"robots\" content=\"index, follow, max-snippet:-1, max-image-preview:large, max-video-preview:-1\" \/>\n<link rel=\"canonical\" href=\"https:\/\/ava-portal.com\/en\/\" \/>\n<meta property=\"og:locale\" content=\"en_GB\" \/>\n<meta property=\"og:type\" content=\"article\" \/>\n<meta property=\"og:title\" content=\"Ava Portal\" \/>\n<meta property=\"og:description\" content=\"Ava Portal - Das Portal in Deine wahre Gr\u00f6\u00dfe. Aktiviere Deine Essenz, um das zu leben, was seit Anbeginn auf Dich wartet.\" \/>\n<meta property=\"og:url\" content=\"https:\/\/ava-portal.com\/en\/\" \/>\n<meta property=\"og:site_name\" content=\"Anne Bichler - Ava Portal\" \/>\n<meta property=\"article:modified_time\" content=\"2024-11-01T17:29:29+00:00\" \/>\n<meta property=\"og:image\" content=\"https:\/\/ava-portal.com\/wp-content\/uploads\/2022\/11\/Wald-mit-LichtPortal_Ava-Portal.jpg\" \/>\n\t<meta property=\"og:image:width\" content=\"1600\" \/>\n\t<meta property=\"og:image:height\" content=\"900\" \/>\n\t<meta property=\"og:image:type\" content=\"image\/jpeg\" \/>\n<meta name=\"twitter:card\" content=\"summary_large_image\" \/>\n<meta name=\"twitter:title\" content=\"Ava Portal\" \/>\n<meta name=\"twitter:description\" content=\"Ava Portal - Das Portal in Deine wahre Gr\u00f6\u00dfe. Aktiviere Deine Essenz, um das zu leben, was seit Anbeginn auf Dich wartet.\" \/>\n<meta name=\"twitter:image\" content=\"https:\/\/ava-portal.com\/wp-content\/uploads\/2022\/11\/Wald-mit-LichtPortal_Ava-Portal.jpg\" \/>\n<meta name=\"twitter:label1\" content=\"Estimated reading time\" \/>\n\t<meta name=\"twitter:data1\" content=\"1 minute\" \/>\n<script type=\"application\/ld+json\" class=\"yoast-schema-graph\">{\"@context\":\"https:\\\/\\\/schema.org\",\"@graph\":[{\"@type\":\"WebPage\",\"@id\":\"https:\\\/\\\/ava-portal.com\\\/\",\"url\":\"https:\\\/\\\/ava-portal.com\\\/\",\"name\":\"Startseite - Anne Bichler - Ava Portal\",\"isPartOf\":{\"@id\":\"https:\\\/\\\/ava-portal.com\\\/#website\"},\"primaryImageOfPage\":{\"@id\":\"https:\\\/\\\/ava-portal.com\\\/#primaryimage\"},\"image\":{\"@id\":\"https:\\\/\\\/ava-portal.com\\\/#primaryimage\"},\"thumbnailUrl\":\"https:\\\/\\\/ava-portal.com\\\/wp-content\\\/uploads\\\/2022\\\/11\\\/Wald-mit-LichtPortal_Ava-Portal.jpg\",\"datePublished\":\"2022-10-08T03:01:32+00:00\",\"dateModified\":\"2024-11-01T17:29:29+00:00\",\"description\":\"Ava Portal - Das Portal in Deine wahre Gr\u00f6\u00dfe. Aktiviere Deine Essenz, um das zu leben, was seit Anbeginn auf Dich wartet.\",\"breadcrumb\":{\"@id\":\"https:\\\/\\\/ava-portal.com\\\/#breadcrumb\"},\"inLanguage\":\"en-GB\",\"potentialAction\":[{\"@type\":\"ReadAction\",\"target\":[\"https:\\\/\\\/ava-portal.com\\\/\"]}]},{\"@type\":\"ImageObject\",\"inLanguage\":\"en-GB\",\"@id\":\"https:\\\/\\\/ava-portal.com\\\/#primaryimage\",\"url\":\"https:\\\/\\\/ava-portal.com\\\/wp-content\\\/uploads\\\/2022\\\/11\\\/Wald-mit-LichtPortal_Ava-Portal.jpg\",\"contentUrl\":\"https:\\\/\\\/ava-portal.com\\\/wp-content\\\/uploads\\\/2022\\\/11\\\/Wald-mit-LichtPortal_Ava-Portal.jpg\",\"width\":1600,\"height\":900,\"caption\":\"Wald mit Licht-Portal in Erde\"},{\"@type\":\"BreadcrumbList\",\"@id\":\"https:\\\/\\\/ava-portal.com\\\/#breadcrumb\",\"itemListElement\":[{\"@type\":\"ListItem\",\"position\":1,\"name\":\"Startseite\",\"item\":\"https:\\\/\\\/ava-portal.com\\\/\"},{\"@type\":\"ListItem\",\"position\":2,\"name\":\"Startseite\"}]},{\"@type\":\"WebSite\",\"@id\":\"https:\\\/\\\/ava-portal.com\\\/#website\",\"url\":\"https:\\\/\\\/ava-portal.com\\\/\",\"name\":\"Anne Bichler - Ava Portal\",\"description\":\"\",\"publisher\":{\"@id\":\"https:\\\/\\\/ava-portal.com\\\/#\\\/schema\\\/person\\\/9e84b7b6d3d3b39afee4ed5270e6fb6e\"},\"potentialAction\":[{\"@type\":\"SearchAction\",\"target\":{\"@type\":\"EntryPoint\",\"urlTemplate\":\"https:\\\/\\\/ava-portal.com\\\/?s={search_term_string}\"},\"query-input\":{\"@type\":\"PropertyValueSpecification\",\"valueRequired\":true,\"valueName\":\"search_term_string\"}}],\"inLanguage\":\"en-GB\"},{\"@type\":[\"Person\",\"Organization\"],\"@id\":\"https:\\\/\\\/ava-portal.com\\\/#\\\/schema\\\/person\\\/9e84b7b6d3d3b39afee4ed5270e6fb6e\",\"name\":\"Anne-ava-portal\",\"image\":{\"@type\":\"ImageObject\",\"inLanguage\":\"en-GB\",\"@id\":\"https:\\\/\\\/ava-portal.com\\\/wp-content\\\/uploads\\\/2022\\\/10\\\/Logo_AnneBichler.png\",\"url\":\"https:\\\/\\\/ava-portal.com\\\/wp-content\\\/uploads\\\/2022\\\/10\\\/Logo_AnneBichler.png\",\"contentUrl\":\"https:\\\/\\\/ava-portal.com\\\/wp-content\\\/uploads\\\/2022\\\/10\\\/Logo_AnneBichler.png\",\"width\":591,\"height\":236,\"caption\":\"Anne-ava-portal\"},\"logo\":{\"@id\":\"https:\\\/\\\/ava-portal.com\\\/wp-content\\\/uploads\\\/2022\\\/10\\\/Logo_AnneBichler.png\"},\"sameAs\":[\"http:\\\/\\\/ava-portal.com\"]}]}<\/script>\n<!-- \/ Yoast SEO plugin. -->","yoast_head_json":{"title":"Startseite - Anne Bichler - Ava Portal","description":"Ava Portal - Das Portal in Deine wahre Gr\u00f6\u00dfe. Aktiviere Deine Essenz, um das zu leben, was seit Anbeginn auf Dich wartet.","robots":{"index":"index","follow":"follow","max-snippet":"max-snippet:-1","max-image-preview":"max-image-preview:large","max-video-preview":"max-video-preview:-1"},"canonical":"https:\/\/ava-portal.com\/en\/","og_locale":"en_GB","og_type":"article","og_title":"Ava Portal","og_description":"Ava Portal - Das Portal in Deine wahre Gr\u00f6\u00dfe. Aktiviere Deine Essenz, um das zu leben, was seit Anbeginn auf Dich wartet.","og_url":"https:\/\/ava-portal.com\/en\/","og_site_name":"Anne Bichler - Ava Portal","article_modified_time":"2024-11-01T17:29:29+00:00","og_image":[{"width":1600,"height":900,"url":"https:\/\/ava-portal.com\/wp-content\/uploads\/2022\/11\/Wald-mit-LichtPortal_Ava-Portal.jpg","type":"image\/jpeg"}],"twitter_card":"summary_large_image","twitter_title":"Ava Portal","twitter_description":"Ava Portal - Das Portal in Deine wahre Gr\u00f6\u00dfe. Aktiviere Deine Essenz, um das zu leben, was seit Anbeginn auf Dich wartet.","twitter_image":"https:\/\/ava-portal.com\/wp-content\/uploads\/2022\/11\/Wald-mit-LichtPortal_Ava-Portal.jpg","twitter_misc":{"Estimated reading time":"1 minute"},"schema":{"@context":"https:\/\/schema.org","@graph":[{"@type":"WebPage","@id":"https:\/\/ava-portal.com\/","url":"https:\/\/ava-portal.com\/","name":"Startseite - Anne Bichler - Ava Portal","isPartOf":{"@id":"https:\/\/ava-portal.com\/#website"},"primaryImageOfPage":{"@id":"https:\/\/ava-portal.com\/#primaryimage"},"image":{"@id":"https:\/\/ava-portal.com\/#primaryimage"},"thumbnailUrl":"https:\/\/ava-portal.com\/wp-content\/uploads\/2022\/11\/Wald-mit-LichtPortal_Ava-Portal.jpg","datePublished":"2022-10-08T03:01:32+00:00","dateModified":"2024-11-01T17:29:29+00:00","description":"Ava Portal - Das Portal in Deine wahre Gr\u00f6\u00dfe. Aktiviere Deine Essenz, um das zu leben, was seit Anbeginn auf Dich wartet.","breadcrumb":{"@id":"https:\/\/ava-portal.com\/#breadcrumb"},"inLanguage":"en-GB","potentialAction":[{"@type":"ReadAction","target":["https:\/\/ava-portal.com\/"]}]},{"@type":"ImageObject","inLanguage":"en-GB","@id":"https:\/\/ava-portal.com\/#primaryimage","url":"https:\/\/ava-portal.com\/wp-content\/uploads\/2022\/11\/Wald-mit-LichtPortal_Ava-Portal.jpg","contentUrl":"https:\/\/ava-portal.com\/wp-content\/uploads\/2022\/11\/Wald-mit-LichtPortal_Ava-Portal.jpg","width":1600,"height":900,"caption":"Wald mit Licht-Portal in Erde"},{"@type":"BreadcrumbList","@id":"https:\/\/ava-portal.com\/#breadcrumb","itemListElement":[{"@type":"ListItem","position":1,"name":"Startseite","item":"https:\/\/ava-portal.com\/"},{"@type":"ListItem","position":2,"name":"Startseite"}]},{"@type":"WebSite","@id":"https:\/\/ava-portal.com\/#website","url":"https:\/\/ava-portal.com\/","name":"Anne Bichler - Ava Portal","description":"","publisher":{"@id":"https:\/\/ava-portal.com\/#\/schema\/person\/9e84b7b6d3d3b39afee4ed5270e6fb6e"},"potentialAction":[{"@type":"SearchAction","target":{"@type":"EntryPoint","urlTemplate":"https:\/\/ava-portal.com\/?s={search_term_string}"},"query-input":{"@type":"PropertyValueSpecification","valueRequired":true,"valueName":"search_term_string"}}],"inLanguage":"en-GB"},{"@type":["Person","Organization"],"@id":"https:\/\/ava-portal.com\/#\/schema\/person\/9e84b7b6d3d3b39afee4ed5270e6fb6e","name":"Anne-ava-portal","image":{"@type":"ImageObject","inLanguage":"en-GB","@id":"https:\/\/ava-portal.com\/wp-content\/uploads\/2022\/10\/Logo_AnneBichler.png","url":"https:\/\/ava-portal.com\/wp-content\/uploads\/2022\/10\/Logo_AnneBichler.png","contentUrl":"https:\/\/ava-portal.com\/wp-content\/uploads\/2022\/10\/Logo_AnneBichler.png","width":591,"height":236,"caption":"Anne-ava-portal"},"logo":{"@id":"https:\/\/ava-portal.com\/wp-content\/uploads\/2022\/10\/Logo_AnneBichler.png"},"sameAs":["http:\/\/ava-portal.com"]}]}},"_links":{"self":[{"href":"https:\/\/ava-portal.com\/en\/wp-json\/wp\/v2\/pages\/166","targetHints":{"allow":["GET"]}}],"collection":[{"href":"https:\/\/ava-portal.com\/en\/wp-json\/wp\/v2\/pages"}],"about":[{"href":"https:\/\/ava-portal.com\/en\/wp-json\/wp\/v2\/types\/page"}],"author":[{"embeddable":true,"href":"https:\/\/ava-portal.com\/en\/wp-json\/wp\/v2\/users\/1"}],"replies":[{"embeddable":true,"href":"https:\/\/ava-portal.com\/en\/wp-json\/wp\/v2\/comments?post=166"}],"version-history":[{"count":10,"href":"https:\/\/ava-portal.com\/en\/wp-json\/wp\/v2\/pages\/166\/revisions"}],"predecessor-version":[{"id":2151,"href":"https:\/\/ava-portal.com\/en\/wp-json\/wp\/v2\/pages\/166\/revisions\/2151"}],"wp:featuredmedia":[{"embeddable":true,"href":"https:\/\/ava-portal.com\/en\/wp-json\/wp\/v2\/media\/644"}],"wp:attachment":[{"href":"https:\/\/ava-portal.com\/en\/wp-json\/wp\/v2\/media?parent=166"}],"curies":[{"name":"wp","href":"https:\/\/api.w.org\/{rel}","templated":true}]}}