{"id":282,"date":"2022-10-25T10:09:08","date_gmt":"2022-10-25T08:09:08","guid":{"rendered":"https:\/\/ava-portal.com\/?page_id=282"},"modified":"2026-04-11T12:33:03","modified_gmt":"2026-04-11T10:33:03","slug":"liebe","status":"publish","type":"page","link":"https:\/\/ava-portal.com\/en\/liebe\/","title":{"rendered":"Love"},"content":{"rendered":"<h1 style=\"text-align: center; color: rgb(72, 99, 64) !important; --tcb-applied-color:rgb(72, 99, 64)  !important;\"><span style=\"font-weight: normal; --tcb-applied-color:rgb(72, 99, 64)  !important;\">LOVE<\/span><\/h1>\n<h2 style=\"text-align: center;\"><strong>Heart Space<\/strong><\/h2>\n<p style=\"text-align: center;\"><span>My religion is love.<\/span><\/p>\n<p style=\"text-align: center;\"><span>Every heart is my temple.&nbsp;<\/span><\/p>\n<p style=\"text-align: center; color: rgb(49, 60, 42) !important; --tcb-applied-color:rgb(49, 60, 42)  !important;\">RUMI<\/p>\n<p><span style=\"width: 100%;\"><img decoding=\"async\" alt=\"\" width=\"300\" height=\"1050\" title=\"\" data-id=\"296\" src=\"https:\/\/ava-portal.com\/wp-content\/uploads\/2022\/10\/Anne-Bichler-AngebotLiebe_03.jpg\" style=\"aspect-ratio: auto 700 \/ 1050;\" data-width=\"300\" data-init-width=\"700\" data-init-height=\"1050\" loading=\"lazy\"><\/span><\/p>\n<p style=\"color: rgb(72, 99, 64) !important; --tcb-applied-color:rgb(72, 99, 64)  !important;\">Step into this space with your very personal concern.<\/p>\n<p style=\"color: rgb(49, 60, 42) !important; --tcb-applied-color:rgb(49, 60, 42)  !important;\">Maybe regarding your own self. Because you sense that you still can\u2019t fully accept yourself. You\u2019re always dissatisfied with yourself. Struggling with yourself. Not being good to yourself, or treating yourself lovingly. You are your own worst critic. And as a result, you\u2019re cutting yourself off from your inner source and power.<\/p>\n<p style=\"color: rgb(72, 99, 64) !important; --tcb-applied-color:rgb(72, 99, 64)  !important;\">Oder Du kommst mit einem besonderen Anlass.<\/p>\n<p style=\"color: rgb(49, 60, 42) !important; --tcb-applied-color:rgb(49, 60, 42)  !important;\">Mit etwas in Deinem Umfeld, das Du nicht lieben kannst. Das Dir nicht oder Schwierigkeiten bereiten. Wogegen Du k\u00e4mpfst, Dich auflehnst, was Du einfach nur weg haben willst. Was Du nicht aufl\u00f6sen und in Harmonie bringen kannst. Und das dadurch Deine Energie bindet und Deine Frequenz erniedrigt.<\/p>\n<h2 style=\"text-align: center;\">\u201eAlles im Leben<\/h2>\n<h2 style=\"text-align: center;\">antwortet auf das Lied des Herzens.\u201c<\/h2>\n<p style=\"text-align: center; color: rgb(49, 60, 42) !important; --tcb-applied-color:rgb(49, 60, 42)  !important;\">Ernst Holmes<\/p>\n<p><span style=\"\"><img decoding=\"async\" alt=\"\" data-id=\"830\" width=\"362\" data-init-width=\"500\" height=\"473\" data-init-height=\"473\" title=\"\" loading=\"lazy\" src=\"https:\/\/ava-portal.com\/wp-content\/uploads\/2022\/11\/Goldstaub_3c.png\" data-width=\"362\" style=\"aspect-ratio: auto 500 \/ 473;\" ml-d=\"0\" mt-d=\"0\"><\/span><\/p>\n<h3 style=\"color: rgb(72, 99, 64) !important; --tcb-applied-color:rgb(72, 99, 64)  !important;\">It&#8217;s all about love.<\/h3>\n<p style=\"color: rgb(49, 60, 42) !important; --tcb-applied-color:rgb(49, 60, 42)  !important;\">Even if it sounds like a clich\u00e9: Love heals all. Because love is our very essence. It\u2019s what we\u2019re made of. What everything is made of. It\u2019s the core hidden within everything and connects us to each other. <\/p>\n<p><strong>Unable to perceive and live this love, we lose access to our greatest power.<\/strong><\/p>\n<p> Meist wird diese Trennung durch uns \u00fcberfordernde, traurige, erschreckende oder bet\u00e4ubende Erlebnisse ausgel\u00f6st. Und wir finden unseren Weg zur\u00fcck nicht mehr. In der Frequenz der Liebe. In unserem wahren Sein, unserer Lebendigkeit und auch in unserer Ekstase.<\/p>\n<p style=\"color: rgb(72, 99, 64) !important; --tcb-applied-color:rgb(72, 99, 64)  !important;\">This is the space to bathe in love.<\/p>\n<p style=\"color: rgb(49, 60, 42) !important; --tcb-applied-color:rgb(49, 60, 42)  !important;\">Dich wieder mit Liebe verbinden, ihre Essenz sp\u00fcren. Die dadurch entstehende Leichtigkeit, Freude, W\u00e4rme und Geborgenheit genie\u00dfen. Dich getragen f\u00fchlst. Alles zu Dir nehmen, was Du brauchst. Um dann in lebendiger Verbundenheit Deinen Weg weiter zu gehen.<\/p>\n<p><span style=\"width: 100%;\"><img decoding=\"async\" alt=\"\" width=\"320\" height=\"900\" title=\"\" data-id=\"295\" src=\"https:\/\/ava-portal.com\/wp-content\/uploads\/2022\/10\/Anne-Bichler-AngebotLiebe_02.jpg\" style=\"aspect-ratio: auto 600 \/ 900;\" data-width=\"320\" data-init-width=\"600\" data-init-height=\"900\" loading=\"lazy\"><\/span><\/p>\n<h2 style=\"text-align: center;\">Somewhere beyond right<br \/>and wrong there is a garden. I will meet you there.&#8220;<\/h2>\n<p style=\"text-align: center; color: rgb(49, 60, 42) !important; --tcb-applied-color:rgb(49, 60, 42)  !important;\">RUMI<\/p>\n<p><a href=\"#\"><span><span>Instance 1<\/span><\/span><\/a><\/p>\n<h2 style=\"text-align: center;\">LOVE<\/h2>\n<p style=\"\">Love heals all<\/p>\n<p style=\"\">It\u2019s a space of absolute stillness. A temple for the <strong>frequency of pure love and devotion<\/strong> , its sanctity not to be disturbed by words, where you bring your own, individual concern to place on the altar.<\/p>\n<p style=\"\"><\/p>\n<p style=\"\">This offering is only available as a group call.<\/p>\n<p style=\"\">Wir treffen uns in aller Regel jeden ersten Sonntag im Monat um<\/p>\n<p style=\"\">20.00 Uhr.&nbsp;<\/p>\n<p style=\"\"><\/p>\n<p style=\"\"><strong>Upcoming sessions:<\/strong><\/p>\n<p style=\"\"><span>Sonntag, 03.05.2026 &nbsp;20:00 Uhr<\/span><\/p>\n<p style=\"\"><span>Sonntag, 07.06.2026 &nbsp;20:00 Uhr<\/span><\/p>\n<p style=\"\">Duration: 60 minutes<\/p>\n<p style=\"\">Preis:<\/p>\n<h5 style=\"text-align: right;\"><span style=\"font-weight: normal;\">Einzeltermin<\/span><\/h5>\n<h5 style=\"text-align: left;\">\u20ac 99<\/h5>\n<h2 style=\"text-align: center;\">There is no such thing as separation. There is only a lowering of the frequency<\/h2>\n<p style=\"text-align: center;\">Anne Bichler<\/p>\n<p><span style=\"\"><img decoding=\"async\" alt=\"\" data-id=\"422\" width=\"362\" data-init-width=\"500\" height=\"538\" data-init-height=\"538\" title=\"\" loading=\"lazy\" src=\"https:\/\/ava-portal.com\/wp-content\/uploads\/2022\/10\/Goldstaub_2.png\" data-width=\"362\" style=\"aspect-ratio: auto 500 \/ 538;\" ml-d=\"0\" mt-d=\"0\"><\/span><\/p>\n<h2 style=\"text-align: center;\">What clients say about my work<\/h2>\n<p style=\"color: rgb(72, 99, 64) !important; --tcb-applied-color:rgb(72, 99, 64)  !important;\"><strong>\u201eMich \u00fcberkam ein Gef\u00fchl \u201eJetzt &amp; Hier\u201c zur richtigen Zeit am richtigen Ort zu sein.\u201c<\/strong><strong><\/strong><\/p>\n<p style=\"color: rgb(49, 60, 42) !important; --tcb-applied-color:rgb(49, 60, 42)  !important;\">Die Sitzung bei Frau Bichler war die erste dieser Art f\u00fcr mich. Ich sp\u00fcre eine ber\u00fchrende W\u00e4rme in meiner Brust und \u00fcberkam mich ein Gef\u00fchl von Liebe, Geborgenheit und dem Gef\u00fchl \u201eJetzt und Hier\u201c zur richtigen Zeit und am richtigen Ort zu sein. Das war ein ganz neues und sehr begl\u00fcckendes Erlebnis. Und: es tr\u00e4gt mich weiterhin und ist mir eine gute Hilfe bei meinen t\u00e4glichen Herausforderungen.<\/p>\n<p style=\"\"><strong>Tatjana M.<\/strong><\/p>\n<p style=\"color: rgb(164, 191, 156) !important; --tcb-applied-color:rgb(164, 191, 156)  !important;\">Division Manager<\/p>\n<p>&#8222;<\/p>\n<p style=\"color: rgb(72, 99, 64) !important; --tcb-applied-color:rgb(72, 99, 64)  !important;\"><strong>\u201eIch sp\u00fcrte eine ungeheure Expansion in meinem K\u00f6rper.\u201c<\/strong><\/p>\n<p style=\"color: rgb(49, 60, 42) !important; --tcb-applied-color:rgb(49, 60, 42)  !important;\">Ich hatte drei Koh\u00e4renzsitzungen bei Anne Bichler und jede war eine wunderbare Erfahrung. <br \/>From the start I could let go and relax, my body was so full of lightness that I almost couldn\u2019t feel it at all anymore. <br \/>I had to wriggle my feet to check they were still there. <br \/>Die Empfindungen haben sich bei jeder weiteren Sitzung noch gesteigert. Die dritte Sitzung war echt der Hammer. Auf einer Seite sp\u00fcre ich eine ungeheure Expansion in meinem K\u00f6rper, auf der anderen Seite war er in der alten Form nicht mehr vorhanden. Anschlie\u00dfend f\u00fchlte ich mich so kraftvoll, angstfrei und leicht, dass ich mich auf weitere Sitzungen freute.<\/p>\n<p style=\"\"><strong>Barbara Schmid<\/strong><\/p>\n<p style=\"color: rgb(164, 191, 156) !important; --tcb-applied-color:rgb(164, 191, 156)  !important;\">Kindergarten teacher and vitalogist<\/p>\n<p>&#8222;<\/p>\n<p style=\"\"><strong>\u201eIch bin mit meiner innersten Frequenz in Verbindung getreten.\u201c<\/strong><strong><\/strong><\/p>\n<p style=\"color: rgb(49, 60, 42) !important; --tcb-applied-color:rgb(49, 60, 42)  !important;\">Die Frequenzsitzungen, die ich bekommen habe, waren f\u00fcr mich wundersch\u00f6ne Erlebnisse und Erfahrungen. <br \/>I connected to my innermost frequency, and that pushed all the garbage inside me to the side so that I suddenly could see and feel things in an entirely new way. <br \/>Mein Herz \u00f6ffnete sich weit, ich empfand tiefstes Gl\u00fcck, vollkommene Hingabe, innere Ruhe, Frieden, Liebe und Geborgenheit in mir. <br \/>It felt wonderful and comforting to be at one with myself. <br \/>It also facilitated a new, key insight about my life.<\/p>\n<p style=\"\"><strong>Diana Metzger<\/strong><\/p>\n<p style=\"\">Schaman<\/p>\n<p>&#8222;<\/p>\n<h2 style=\"\">Find out more about me<\/h2>\n<p style=\"\">In the course of my decades-long work as a (trauma) therapist, one thing has become crystal clear to me: Beneath all our beliefs, trauma, pain, and problems lies our sacrosanct holy divine core. <strong>Die pure Liebe ist.<\/strong><\/p>\n<p style=\"\">Um damit wieder in Kontakt zu kommen, gibt es grunds\u00e4tzlich zwei Wege. Der eine besteht darin, sich durch alle dar\u00fcber liegenden Wust durchzuarbeiten. Was viele gute Erkenntnisse bringen kann, aber meist auch m\u00fchsam und langwierig ist. Der andere besteht darin, die Schwingung zu erh\u00f6hen. Und damit direkt wieder in Resonanz mit dem innersten Kern zu gehen. Unbehindert von allem, was dar\u00fcber aufgeh\u00e4uft wurde.<\/p>\n<p style=\"\"><strong>It's for this path that I\u2019ve created the Heart Space.<\/strong> Here, you can let go and immerse yourself in the healing frequency of the space that I uphold. To experience yourself anew and leave you feeling connected and empowered, ready to face challenges feeling connected and empowered.<\/p>\n<p style=\"\">Anne Bichler<\/p>\n<p><span style=\"width: 100%;\"><img decoding=\"async\" alt=\"\" width=\"315\" height=\"900\" title=\"\" data-id=\"294\" src=\"https:\/\/ava-portal.com\/wp-content\/uploads\/2022\/10\/Anne-Bichler-AngebotLiebe_01.jpg\" style=\"aspect-ratio: auto 600 \/ 900;\" data-width=\"315\" data-init-width=\"600\" data-init-height=\"900\" loading=\"lazy\"><\/span><\/p>\n<h2 style=\"text-align: center;\">FAQ &#8211; h\u00e4ufig gestellte Fragen<\/h2>\n<h2 style=\"text-align: center;\">In the end all there is, is LOVE.<\/h2>\n<p style=\"text-align: center; color: rgb(49, 60, 42) !important; --tcb-applied-color:rgb(49, 60, 42)  !important;\">Anne Bichler<\/p>\n<p style=\"text-align: center; color: rgb(49, 60, 42) !important; --tcb-applied-color:rgb(49, 60, 42)  !important;\">Give yourself the gift of Heart Space.<\/p>\n<p style=\"text-align: center;\">To be showered by the abundance of nurturing love and forge a new connection to yourself, to true self-love, and to the deep healing potential of love.&nbsp;<\/p>\n<h3 style=\"text-align: center;\">For the conscious experience of life\u2019s incredible beauty.<\/h3>","protected":false},"excerpt":{"rendered":"<p>LIEBE Herzensraum Meine Religion ist Liebe. Jedes Herz ist mein Tempel.&nbsp; RUMI In diesen Raum kommst Du mit Deinem ganz pers\u00f6nlichen Anliegen. Vielleicht mit Dir selbst. Weil Du sp\u00fcrst, dass Du Dich noch nicht ganz annehmen kannst. Immer wieder mit Dir unzufrieden bist. Mit Dir haderst. Nicht gut zu Dir selbst bist, nicht liebevoll mit [&hellip;]<\/p>\n","protected":false},"author":1,"featured_media":665,"parent":0,"menu_order":0,"comment_status":"closed","ping_status":"closed","template":"","meta":{"footnotes":""},"class_list":["post-282","page","type-page","status-publish","has-post-thumbnail","hentry","post-wrapper","thrv_wrapper"],"yoast_head":"<!-- This site is optimized with the Yoast SEO plugin v27.3 - https:\/\/yoast.com\/product\/yoast-seo-wordpress\/ -->\n<title>Liebe - Anne Bichler - Ava Portal<\/title>\n<meta name=\"description\" content=\"Ein Tempel f\u00fcr die Frequenz purer Liebe und Hingabe. Finde zu wahrer (Selbst)Liebe, die immer auch tiefe Heilung bedeutet.\" \/>\n<meta name=\"robots\" content=\"index, follow, max-snippet:-1, max-image-preview:large, max-video-preview:-1\" \/>\n<link rel=\"canonical\" href=\"https:\/\/ava-portal.com\/en\/liebe\/\" \/>\n<meta property=\"og:locale\" content=\"en_GB\" \/>\n<meta property=\"og:type\" content=\"article\" \/>\n<meta property=\"og:title\" content=\"Liebe\" \/>\n<meta property=\"og:description\" content=\"Ein Tempel f\u00fcr die Frequenz purer Liebe und Hingabe. Finde zu wahrer (Selbst)Liebe, die immer auch tiefe Heilung bedeutet.\" \/>\n<meta property=\"og:url\" content=\"https:\/\/ava-portal.com\/en\/liebe\/\" \/>\n<meta property=\"og:site_name\" content=\"Anne Bichler - Ava Portal\" \/>\n<meta property=\"article:modified_time\" content=\"2026-04-11T10:33:03+00:00\" \/>\n<meta property=\"og:image\" content=\"https:\/\/ava-portal.com\/wp-content\/uploads\/2022\/11\/Wolkenherz-ueber-Weg_Liebe.jpg\" \/>\n\t<meta property=\"og:image:width\" content=\"1600\" \/>\n\t<meta property=\"og:image:height\" content=\"1066\" \/>\n\t<meta property=\"og:image:type\" content=\"image\/jpeg\" \/>\n<meta name=\"twitter:card\" content=\"summary_large_image\" \/>\n<meta name=\"twitter:title\" content=\"Liebe\" \/>\n<meta name=\"twitter:description\" content=\"Ein Tempel f\u00fcr die Frequenz purer Liebe und Hingabe. Finde zu wahrer (Selbst)Liebe, die immer auch tiefe Heilung bedeutet.\" \/>\n<meta name=\"twitter:image\" content=\"https:\/\/ava-portal.com\/wp-content\/uploads\/2022\/11\/Wolkenherz-ueber-Weg_Liebe.jpg\" \/>\n<meta name=\"twitter:label1\" content=\"Estimated reading time\" \/>\n\t<meta name=\"twitter:data1\" content=\"7 minutes\" \/>\n<script type=\"application\/ld+json\" class=\"yoast-schema-graph\">{\"@context\":\"https:\\\/\\\/schema.org\",\"@graph\":[{\"@type\":\"WebPage\",\"@id\":\"https:\\\/\\\/ava-portal.com\\\/liebe\\\/\",\"url\":\"https:\\\/\\\/ava-portal.com\\\/liebe\\\/\",\"name\":\"Liebe - Anne Bichler - Ava Portal\",\"isPartOf\":{\"@id\":\"https:\\\/\\\/ava-portal.com\\\/#website\"},\"primaryImageOfPage\":{\"@id\":\"https:\\\/\\\/ava-portal.com\\\/liebe\\\/#primaryimage\"},\"image\":{\"@id\":\"https:\\\/\\\/ava-portal.com\\\/liebe\\\/#primaryimage\"},\"thumbnailUrl\":\"https:\\\/\\\/ava-portal.com\\\/wp-content\\\/uploads\\\/2022\\\/11\\\/Wolkenherz-ueber-Weg_Liebe.jpg\",\"datePublished\":\"2022-10-25T08:09:08+00:00\",\"dateModified\":\"2026-04-11T10:33:03+00:00\",\"description\":\"Ein Tempel f\u00fcr die Frequenz purer Liebe und Hingabe. Finde zu wahrer (Selbst)Liebe, die immer auch tiefe Heilung bedeutet.\",\"breadcrumb\":{\"@id\":\"https:\\\/\\\/ava-portal.com\\\/liebe\\\/#breadcrumb\"},\"inLanguage\":\"en-GB\",\"potentialAction\":[{\"@type\":\"ReadAction\",\"target\":[\"https:\\\/\\\/ava-portal.com\\\/liebe\\\/\"]}]},{\"@type\":\"ImageObject\",\"inLanguage\":\"en-GB\",\"@id\":\"https:\\\/\\\/ava-portal.com\\\/liebe\\\/#primaryimage\",\"url\":\"https:\\\/\\\/ava-portal.com\\\/wp-content\\\/uploads\\\/2022\\\/11\\\/Wolkenherz-ueber-Weg_Liebe.jpg\",\"contentUrl\":\"https:\\\/\\\/ava-portal.com\\\/wp-content\\\/uploads\\\/2022\\\/11\\\/Wolkenherz-ueber-Weg_Liebe.jpg\",\"width\":1600,\"height\":1066,\"caption\":\"Weg f\u00fchrt zu Wolken, die in Herzform ge\u00f6ffnet sind\"},{\"@type\":\"BreadcrumbList\",\"@id\":\"https:\\\/\\\/ava-portal.com\\\/liebe\\\/#breadcrumb\",\"itemListElement\":[{\"@type\":\"ListItem\",\"position\":1,\"name\":\"Startseite\",\"item\":\"https:\\\/\\\/ava-portal.com\\\/\"},{\"@type\":\"ListItem\",\"position\":2,\"name\":\"Liebe\"}]},{\"@type\":\"WebSite\",\"@id\":\"https:\\\/\\\/ava-portal.com\\\/#website\",\"url\":\"https:\\\/\\\/ava-portal.com\\\/\",\"name\":\"Anne Bichler - Ava Portal\",\"description\":\"\",\"publisher\":{\"@id\":\"https:\\\/\\\/ava-portal.com\\\/#\\\/schema\\\/person\\\/9e84b7b6d3d3b39afee4ed5270e6fb6e\"},\"potentialAction\":[{\"@type\":\"SearchAction\",\"target\":{\"@type\":\"EntryPoint\",\"urlTemplate\":\"https:\\\/\\\/ava-portal.com\\\/?s={search_term_string}\"},\"query-input\":{\"@type\":\"PropertyValueSpecification\",\"valueRequired\":true,\"valueName\":\"search_term_string\"}}],\"inLanguage\":\"en-GB\"},{\"@type\":[\"Person\",\"Organization\"],\"@id\":\"https:\\\/\\\/ava-portal.com\\\/#\\\/schema\\\/person\\\/9e84b7b6d3d3b39afee4ed5270e6fb6e\",\"name\":\"Anne-ava-portal\",\"image\":{\"@type\":\"ImageObject\",\"inLanguage\":\"en-GB\",\"@id\":\"https:\\\/\\\/ava-portal.com\\\/wp-content\\\/uploads\\\/2022\\\/10\\\/Logo_AnneBichler.png\",\"url\":\"https:\\\/\\\/ava-portal.com\\\/wp-content\\\/uploads\\\/2022\\\/10\\\/Logo_AnneBichler.png\",\"contentUrl\":\"https:\\\/\\\/ava-portal.com\\\/wp-content\\\/uploads\\\/2022\\\/10\\\/Logo_AnneBichler.png\",\"width\":591,\"height\":236,\"caption\":\"Anne-ava-portal\"},\"logo\":{\"@id\":\"https:\\\/\\\/ava-portal.com\\\/wp-content\\\/uploads\\\/2022\\\/10\\\/Logo_AnneBichler.png\"},\"sameAs\":[\"http:\\\/\\\/ava-portal.com\"]}]}<\/script>\n<!-- \/ Yoast SEO plugin. -->","yoast_head_json":{"title":"Liebe - Anne Bichler - Ava Portal","description":"Ein Tempel f\u00fcr die Frequenz purer Liebe und Hingabe. Finde zu wahrer (Selbst)Liebe, die immer auch tiefe Heilung bedeutet.","robots":{"index":"index","follow":"follow","max-snippet":"max-snippet:-1","max-image-preview":"max-image-preview:large","max-video-preview":"max-video-preview:-1"},"canonical":"https:\/\/ava-portal.com\/en\/liebe\/","og_locale":"en_GB","og_type":"article","og_title":"Liebe","og_description":"Ein Tempel f\u00fcr die Frequenz purer Liebe und Hingabe. Finde zu wahrer (Selbst)Liebe, die immer auch tiefe Heilung bedeutet.","og_url":"https:\/\/ava-portal.com\/en\/liebe\/","og_site_name":"Anne Bichler - Ava Portal","article_modified_time":"2026-04-11T10:33:03+00:00","og_image":[{"width":1600,"height":1066,"url":"https:\/\/ava-portal.com\/wp-content\/uploads\/2022\/11\/Wolkenherz-ueber-Weg_Liebe.jpg","type":"image\/jpeg"}],"twitter_card":"summary_large_image","twitter_title":"Liebe","twitter_description":"Ein Tempel f\u00fcr die Frequenz purer Liebe und Hingabe. Finde zu wahrer (Selbst)Liebe, die immer auch tiefe Heilung bedeutet.","twitter_image":"https:\/\/ava-portal.com\/wp-content\/uploads\/2022\/11\/Wolkenherz-ueber-Weg_Liebe.jpg","twitter_misc":{"Estimated reading time":"7 minutes"},"schema":{"@context":"https:\/\/schema.org","@graph":[{"@type":"WebPage","@id":"https:\/\/ava-portal.com\/liebe\/","url":"https:\/\/ava-portal.com\/liebe\/","name":"Liebe - Anne Bichler - Ava Portal","isPartOf":{"@id":"https:\/\/ava-portal.com\/#website"},"primaryImageOfPage":{"@id":"https:\/\/ava-portal.com\/liebe\/#primaryimage"},"image":{"@id":"https:\/\/ava-portal.com\/liebe\/#primaryimage"},"thumbnailUrl":"https:\/\/ava-portal.com\/wp-content\/uploads\/2022\/11\/Wolkenherz-ueber-Weg_Liebe.jpg","datePublished":"2022-10-25T08:09:08+00:00","dateModified":"2026-04-11T10:33:03+00:00","description":"Ein Tempel f\u00fcr die Frequenz purer Liebe und Hingabe. Finde zu wahrer (Selbst)Liebe, die immer auch tiefe Heilung bedeutet.","breadcrumb":{"@id":"https:\/\/ava-portal.com\/liebe\/#breadcrumb"},"inLanguage":"en-GB","potentialAction":[{"@type":"ReadAction","target":["https:\/\/ava-portal.com\/liebe\/"]}]},{"@type":"ImageObject","inLanguage":"en-GB","@id":"https:\/\/ava-portal.com\/liebe\/#primaryimage","url":"https:\/\/ava-portal.com\/wp-content\/uploads\/2022\/11\/Wolkenherz-ueber-Weg_Liebe.jpg","contentUrl":"https:\/\/ava-portal.com\/wp-content\/uploads\/2022\/11\/Wolkenherz-ueber-Weg_Liebe.jpg","width":1600,"height":1066,"caption":"Weg f\u00fchrt zu Wolken, die in Herzform ge\u00f6ffnet sind"},{"@type":"BreadcrumbList","@id":"https:\/\/ava-portal.com\/liebe\/#breadcrumb","itemListElement":[{"@type":"ListItem","position":1,"name":"Startseite","item":"https:\/\/ava-portal.com\/"},{"@type":"ListItem","position":2,"name":"Liebe"}]},{"@type":"WebSite","@id":"https:\/\/ava-portal.com\/#website","url":"https:\/\/ava-portal.com\/","name":"Anne Bichler - Ava Portal","description":"","publisher":{"@id":"https:\/\/ava-portal.com\/#\/schema\/person\/9e84b7b6d3d3b39afee4ed5270e6fb6e"},"potentialAction":[{"@type":"SearchAction","target":{"@type":"EntryPoint","urlTemplate":"https:\/\/ava-portal.com\/?s={search_term_string}"},"query-input":{"@type":"PropertyValueSpecification","valueRequired":true,"valueName":"search_term_string"}}],"inLanguage":"en-GB"},{"@type":["Person","Organization"],"@id":"https:\/\/ava-portal.com\/#\/schema\/person\/9e84b7b6d3d3b39afee4ed5270e6fb6e","name":"Anne-ava-portal","image":{"@type":"ImageObject","inLanguage":"en-GB","@id":"https:\/\/ava-portal.com\/wp-content\/uploads\/2022\/10\/Logo_AnneBichler.png","url":"https:\/\/ava-portal.com\/wp-content\/uploads\/2022\/10\/Logo_AnneBichler.png","contentUrl":"https:\/\/ava-portal.com\/wp-content\/uploads\/2022\/10\/Logo_AnneBichler.png","width":591,"height":236,"caption":"Anne-ava-portal"},"logo":{"@id":"https:\/\/ava-portal.com\/wp-content\/uploads\/2022\/10\/Logo_AnneBichler.png"},"sameAs":["http:\/\/ava-portal.com"]}]}},"_links":{"self":[{"href":"https:\/\/ava-portal.com\/en\/wp-json\/wp\/v2\/pages\/282","targetHints":{"allow":["GET"]}}],"collection":[{"href":"https:\/\/ava-portal.com\/en\/wp-json\/wp\/v2\/pages"}],"about":[{"href":"https:\/\/ava-portal.com\/en\/wp-json\/wp\/v2\/types\/page"}],"author":[{"embeddable":true,"href":"https:\/\/ava-portal.com\/en\/wp-json\/wp\/v2\/users\/1"}],"replies":[{"embeddable":true,"href":"https:\/\/ava-portal.com\/en\/wp-json\/wp\/v2\/comments?post=282"}],"version-history":[{"count":10,"href":"https:\/\/ava-portal.com\/en\/wp-json\/wp\/v2\/pages\/282\/revisions"}],"predecessor-version":[{"id":2306,"href":"https:\/\/ava-portal.com\/en\/wp-json\/wp\/v2\/pages\/282\/revisions\/2306"}],"wp:featuredmedia":[{"embeddable":true,"href":"https:\/\/ava-portal.com\/en\/wp-json\/wp\/v2\/media\/665"}],"wp:attachment":[{"href":"https:\/\/ava-portal.com\/en\/wp-json\/wp\/v2\/media?parent=282"}],"curies":[{"name":"wp","href":"https:\/\/api.w.org\/{rel}","templated":true}]}}