{"id":397,"date":"2022-10-28T16:54:55","date_gmt":"2022-10-28T14:54:55","guid":{"rendered":"https:\/\/ava-portal.com\/?page_id=397"},"modified":"2024-07-18T15:15:14","modified_gmt":"2024-07-18T13:15:14","slug":"impressum","status":"publish","type":"page","link":"https:\/\/ava-portal.com\/en\/impressum\/","title":{"rendered":"Site Notice"},"content":{"rendered":"<h2 style=\"color: rgb(72, 99, 64) !important; --tcb-applied-color:rgb(72, 99, 64)  !important;\">Site Notice<\/h2>\n<h2 style=\"color: rgb(72, 99, 64) !important; --tcb-applied-color:rgb(72, 99, 64)  !important;\">Information pursuant to Sect. 5 German Telemedia Act (TMG)<\/h2>\n<p>Anne BichlerAVA PortalNaturheilpraxis Anne BichlerSalinenstrasse 1476646 Bruchsal<\/p>\n<h2 style=\"color: rgb(72, 99, 64) !important; --tcb-applied-color:rgb(72, 99, 64)  !important;\">Contact<\/h2>\n<p>Telefon: 0049 72513918777E-Mail: connect@ava-portal.com<\/p>\n<h2 style=\"\">Supervisory authority<\/h2>\n<p>Gesundheitsamt KarlsruheWolfartsweiererstrasse 5b76131 Karlsruhewww.landkreis-karlsruhe.de\/gesundheitsamt<\/p>\n<h2 style=\"color: rgb(72, 99, 64) !important; --tcb-applied-color:rgb(72, 99, 64)  !important;\">Job title and professional regulations<\/h2>\n<p>Berufsbezeichnung:Heilpraktikerin<\/p>\n<p>Verliehen in:Deutschland<\/p>\n<h2 style=\"color: rgb(72, 99, 64) !important; --tcb-applied-color:rgb(72, 99, 64)  !important;\">Information regarding professional liability insurance<\/h2>\n<p>Name und Sitz des Versicherers:BerufshaftpflichtversicherungDialog Versicherungs AG81718 M\u00fcnchenGeltungsraum der Versicherung:Deutschland<\/p>\n<h2 style=\"color: rgb(72, 99, 64) !important; --tcb-applied-color:rgb(72, 99, 64)  !important;\">Person responsible for editorial<\/h2>\n<p>Anne Bichler<\/p>\n<h2 style=\"color: rgb(72, 99, 64) !important; --tcb-applied-color:rgb(72, 99, 64)  !important;\">EU dispute resolution<\/h2>\n<p>Die Europ\u00e4ische Kommission stellt eine Plattform zur Online-Streitbeilegung (OS) bereit:https:\/\/ec.europa.eu\/consumers\/odr\/.Unsere E-Mail-Adresse finden Sie oben im Impressum.<\/p>\n<h2 style=\"color: rgb(72, 99, 64) !important; --tcb-applied-color:rgb(72, 99, 64)  !important;\">Dispute resolution proceedings in front of a consumer arbitration board<\/h2>\n<p>Wir nehmen an einem Streitbeilegungsverfahren vor einer Verbraucherschlichtungsstelle teil. Zust\u00e4ndig istdie Universalschlichtungsstelle des Zentrums f\u00fcr Schlichtung e.V., Stra\u00dfburger Stra\u00dfe 8, 77694 Kehl amRhein (https:\/\/www.verbraucher-schlichter.de).<\/p>\n<h2 style=\"color: rgb(72, 99, 64) !important; --tcb-applied-color:rgb(72, 99, 64)  !important;\">Webdesign<\/h2>\n<p>new beginnings webdesign &#8211; <span style=\"color: rgb(49, 60, 42);\"><span data-id=\"0\" data-type=\"true\" style=\"display: inline-block; line-height: 0;\"><\/span><a href=\"http:\/\/www.newbeginnings-webdesign.at\" target=\"_blank\" style=\"outline: none;\" rel=\"noopener\"><span style=\"--tcb-applied-color: rgb(72, 99, 64) !important;\">www.newbeginnings-webdesign.at<\/span><\/a><span data-id=\"0\" data-type=\"false\" style=\"display: inline-block; line-height: 0;\"><\/span><\/span><\/p>\n<h2 style=\"color: rgb(72, 99, 64) !important; --tcb-applied-color:rgb(72, 99, 64)  !important;\">photo credits<\/h2>\n<p style=\"color: rgb(72, 99, 64) !important; --tcb-applied-color:rgb(72, 99, 64)  !important;\"><strong>portrait photos:&nbsp;<\/strong><\/p>\n<p>Dana Maiterth<\/p>\n<\/p>\n<p style=\"color: rgb(72, 99, 64) !important; --tcb-applied-color:rgb(72, 99, 64)  !important;\"><strong>Stock photos from image databases:<\/strong><\/p>\n<p><strong>Home&nbsp;<\/strong>(alle Fotos in Istock)| Portalbild: imaginima<\/p>\n<p><strong>Love<\/strong> (alle Fotos in Istock)| Wolkenherz: Iilkar, Vektorherz: saicle<\/p>\n<p><strong>ALCHEMY<\/strong> (alle Fotos in Istock)| Schmetterlingsbild: Mathisa_s, Eisberg: libre de droit, Mann an Mauer: Johnny Valley, Frauensprung: mikkelwilliam, geteilter Baum: appledesign, Schmetterling aus Tunnel: fcscafeine, Eisenkette: matejmo<\/p>\n<p><strong>Essence<\/strong> (alle Fotos in Istock) | Waldbild: Sabine Hortebusch, Helles Portal: SandraMatic, Bild Frau Sonne ausgebreitete Arme: kieferpix, Lichtbild: suteishi, Hintergund Angebot &#8211; Lotustempel: Ayakovlev, Heiliger Gral: martin-dm, Treppe ins Licht: fokusgood<\/p>\n<p><strong>Vision &amp; Manifestation<\/strong> (alle Fotos in Istock) | Schl\u00fcssel mit Libelle: sunnychicka, Weg durch die Berge: Sholikhul Bakhmid, Mann mit Fernglas: Sezeryadigar, Mission\/Vision: Fokusiert, Helles Moos: M\u00fcnz, Frau mit Pflanzen: FangXiaNuo, Baum: Smileus, Wald mit Lichtern: Gremlin, Moos 2: Christian Meurer, Stonehenge: narvikk<\/p>\n<p><strong>Activate the Healer within<\/strong> (alle Fotos in Istock) | gr\u00fcne-Lunge (Header): Petmal, &#8222;New way&#8220;-Schild: lenawurm, gr\u00fcne Nerven: delioramnli, Aurainteraktion: kovacevicmiro, gr\u00fcne DNA: DamienGeso, gestresster Mann: Adene Sanchez, Gl\u00fchbirnen-Grafik: Vitalii Barida, Flusslandschaft: mariusz_prusaczyk, offene H\u00e4nde: NikkiZalewski, Frau im T\u00fcrrahmen: gremlin, Menschen-Pillen: mikkelwilliam, Feuer-Herz: koyu, Caduceus: Iyarv<\/p>\n<p><strong>About<\/strong> | gro\u00dfe Douglasie: Dennis Frates (Alamy), Keimling: Lukasz Budnik &nbsp;(IStock)<\/p>\n<p><strong>alle Seiten <\/strong>| Farne (Istock): Visually Us<\/p>\n<p><strong>Blog&nbsp;<\/strong>| Hand mit Pflaster: vika glitter (Pexels), Energiefelder (istock), Tablettenblister (istock), Gl\u00fchbirnen (istock), Junge in Therapie: cottonbro (Pexels), Nervenzellen (istock), Regenbogen\/Tannenwald: ekamelev (Pexels), rieseiger Wasserfall: tobiandch (Pexels), Verbindung zwischen 2 Menschen: cottonbro (Pexels), Verdauungskeks: Eva Bronz (Pexels)<\/p>","protected":false},"excerpt":{"rendered":"<p>Impressum Angaben gem\u00e4\u00df \u00a7 5 TMG Anne BichlerAVA PortalNaturheilpraxis Anne BichlerSalinenstrasse 1476646 Bruchsal Kontakt Telefon: 0049 72513918777E-Mail: connect@ava-portal.com Aufsichtsbeh\u00f6rde Gesundheitsamt KarlsruheWolfartsweiererstrasse 5b76131 Karlsruhewww.landkreis-karlsruhe.de\/gesundheitsamt Berufsbezeichnung und berufsrechtliche Regelungen Berufsbezeichnung:Heilpraktikerin Verliehen in:Deutschland Angaben zur Berufshaftpflichtversicherung Name und Sitz des Versicherers:BerufshaftpflichtversicherungDialog Versicherungs AG81718 M\u00fcnchenGeltungsraum der Versicherung:Deutschland Redaktionell verantwortlich Anne Bichler EU-Streitschlichtung Die Europ\u00e4ische Kommission stellt eine Plattform zur [&hellip;]<\/p>\n","protected":false},"author":1,"featured_media":0,"parent":0,"menu_order":0,"comment_status":"closed","ping_status":"closed","template":"","meta":{"footnotes":""},"class_list":["post-397","page","type-page","status-publish","hentry","post-wrapper","thrv_wrapper"],"yoast_head":"<!-- This site is optimized with the Yoast SEO plugin v27.3 - https:\/\/yoast.com\/product\/yoast-seo-wordpress\/ -->\n<title>Impressum - Anne Bichler - Ava Portal<\/title>\n<meta name=\"description\" content=\"Auf dieser Seite findest Du das Impressum zur Website Ava Portal von Anne Bichler, sowie Infos zu den Bildnachweisen.\" \/>\n<meta name=\"robots\" content=\"index, follow, max-snippet:-1, max-image-preview:large, max-video-preview:-1\" \/>\n<link rel=\"canonical\" href=\"https:\/\/ava-portal.com\/en\/impressum\/\" \/>\n<meta property=\"og:locale\" content=\"en_GB\" \/>\n<meta property=\"og:type\" content=\"article\" \/>\n<meta property=\"og:title\" content=\"Impressum\" \/>\n<meta property=\"og:description\" content=\"Auf dieser Seite findest Du das Impressum zur Website Ava Portal von Anne Bichler, sowie Infos zu den Bildnachweisen.\" \/>\n<meta property=\"og:url\" content=\"https:\/\/ava-portal.com\/en\/impressum\/\" \/>\n<meta property=\"og:site_name\" content=\"Anne Bichler - Ava Portal\" \/>\n<meta property=\"article:modified_time\" content=\"2024-07-18T13:15:14+00:00\" \/>\n<meta name=\"twitter:card\" content=\"summary_large_image\" \/>\n<meta name=\"twitter:title\" content=\"Impressum\" \/>\n<meta name=\"twitter:description\" content=\"Auf dieser Seite findest Du das Impressum zur Website Ava Portal von Anne Bichler, sowie Infos zu den Bildnachweisen.\" \/>\n<meta name=\"twitter:label1\" content=\"Estimated reading time\" \/>\n\t<meta name=\"twitter:data1\" content=\"2 minutes\" \/>\n<script type=\"application\/ld+json\" class=\"yoast-schema-graph\">{\"@context\":\"https:\\\/\\\/schema.org\",\"@graph\":[{\"@type\":\"WebPage\",\"@id\":\"https:\\\/\\\/ava-portal.com\\\/impressum\\\/\",\"url\":\"https:\\\/\\\/ava-portal.com\\\/impressum\\\/\",\"name\":\"Impressum - Anne Bichler - Ava Portal\",\"isPartOf\":{\"@id\":\"https:\\\/\\\/ava-portal.com\\\/#website\"},\"datePublished\":\"2022-10-28T14:54:55+00:00\",\"dateModified\":\"2024-07-18T13:15:14+00:00\",\"description\":\"Auf dieser Seite findest Du das Impressum zur Website Ava Portal von Anne Bichler, sowie Infos zu den Bildnachweisen.\",\"breadcrumb\":{\"@id\":\"https:\\\/\\\/ava-portal.com\\\/impressum\\\/#breadcrumb\"},\"inLanguage\":\"en-GB\",\"potentialAction\":[{\"@type\":\"ReadAction\",\"target\":[\"https:\\\/\\\/ava-portal.com\\\/impressum\\\/\"]}]},{\"@type\":\"BreadcrumbList\",\"@id\":\"https:\\\/\\\/ava-portal.com\\\/impressum\\\/#breadcrumb\",\"itemListElement\":[{\"@type\":\"ListItem\",\"position\":1,\"name\":\"Startseite\",\"item\":\"https:\\\/\\\/ava-portal.com\\\/\"},{\"@type\":\"ListItem\",\"position\":2,\"name\":\"Impressum\"}]},{\"@type\":\"WebSite\",\"@id\":\"https:\\\/\\\/ava-portal.com\\\/#website\",\"url\":\"https:\\\/\\\/ava-portal.com\\\/\",\"name\":\"Anne Bichler - Ava Portal\",\"description\":\"\",\"publisher\":{\"@id\":\"https:\\\/\\\/ava-portal.com\\\/#\\\/schema\\\/person\\\/9e84b7b6d3d3b39afee4ed5270e6fb6e\"},\"potentialAction\":[{\"@type\":\"SearchAction\",\"target\":{\"@type\":\"EntryPoint\",\"urlTemplate\":\"https:\\\/\\\/ava-portal.com\\\/?s={search_term_string}\"},\"query-input\":{\"@type\":\"PropertyValueSpecification\",\"valueRequired\":true,\"valueName\":\"search_term_string\"}}],\"inLanguage\":\"en-GB\"},{\"@type\":[\"Person\",\"Organization\"],\"@id\":\"https:\\\/\\\/ava-portal.com\\\/#\\\/schema\\\/person\\\/9e84b7b6d3d3b39afee4ed5270e6fb6e\",\"name\":\"Anne-ava-portal\",\"image\":{\"@type\":\"ImageObject\",\"inLanguage\":\"en-GB\",\"@id\":\"https:\\\/\\\/ava-portal.com\\\/wp-content\\\/uploads\\\/2022\\\/10\\\/Logo_AnneBichler.png\",\"url\":\"https:\\\/\\\/ava-portal.com\\\/wp-content\\\/uploads\\\/2022\\\/10\\\/Logo_AnneBichler.png\",\"contentUrl\":\"https:\\\/\\\/ava-portal.com\\\/wp-content\\\/uploads\\\/2022\\\/10\\\/Logo_AnneBichler.png\",\"width\":591,\"height\":236,\"caption\":\"Anne-ava-portal\"},\"logo\":{\"@id\":\"https:\\\/\\\/ava-portal.com\\\/wp-content\\\/uploads\\\/2022\\\/10\\\/Logo_AnneBichler.png\"},\"sameAs\":[\"http:\\\/\\\/ava-portal.com\"]}]}<\/script>\n<!-- \/ Yoast SEO plugin. -->","yoast_head_json":{"title":"Impressum - Anne Bichler - Ava Portal","description":"Auf dieser Seite findest Du das Impressum zur Website Ava Portal von Anne Bichler, sowie Infos zu den Bildnachweisen.","robots":{"index":"index","follow":"follow","max-snippet":"max-snippet:-1","max-image-preview":"max-image-preview:large","max-video-preview":"max-video-preview:-1"},"canonical":"https:\/\/ava-portal.com\/en\/impressum\/","og_locale":"en_GB","og_type":"article","og_title":"Impressum","og_description":"Auf dieser Seite findest Du das Impressum zur Website Ava Portal von Anne Bichler, sowie Infos zu den Bildnachweisen.","og_url":"https:\/\/ava-portal.com\/en\/impressum\/","og_site_name":"Anne Bichler - Ava Portal","article_modified_time":"2024-07-18T13:15:14+00:00","twitter_card":"summary_large_image","twitter_title":"Impressum","twitter_description":"Auf dieser Seite findest Du das Impressum zur Website Ava Portal von Anne Bichler, sowie Infos zu den Bildnachweisen.","twitter_misc":{"Estimated reading time":"2 minutes"},"schema":{"@context":"https:\/\/schema.org","@graph":[{"@type":"WebPage","@id":"https:\/\/ava-portal.com\/impressum\/","url":"https:\/\/ava-portal.com\/impressum\/","name":"Impressum - Anne Bichler - Ava Portal","isPartOf":{"@id":"https:\/\/ava-portal.com\/#website"},"datePublished":"2022-10-28T14:54:55+00:00","dateModified":"2024-07-18T13:15:14+00:00","description":"Auf dieser Seite findest Du das Impressum zur Website Ava Portal von Anne Bichler, sowie Infos zu den Bildnachweisen.","breadcrumb":{"@id":"https:\/\/ava-portal.com\/impressum\/#breadcrumb"},"inLanguage":"en-GB","potentialAction":[{"@type":"ReadAction","target":["https:\/\/ava-portal.com\/impressum\/"]}]},{"@type":"BreadcrumbList","@id":"https:\/\/ava-portal.com\/impressum\/#breadcrumb","itemListElement":[{"@type":"ListItem","position":1,"name":"Startseite","item":"https:\/\/ava-portal.com\/"},{"@type":"ListItem","position":2,"name":"Impressum"}]},{"@type":"WebSite","@id":"https:\/\/ava-portal.com\/#website","url":"https:\/\/ava-portal.com\/","name":"Anne Bichler - Ava Portal","description":"","publisher":{"@id":"https:\/\/ava-portal.com\/#\/schema\/person\/9e84b7b6d3d3b39afee4ed5270e6fb6e"},"potentialAction":[{"@type":"SearchAction","target":{"@type":"EntryPoint","urlTemplate":"https:\/\/ava-portal.com\/?s={search_term_string}"},"query-input":{"@type":"PropertyValueSpecification","valueRequired":true,"valueName":"search_term_string"}}],"inLanguage":"en-GB"},{"@type":["Person","Organization"],"@id":"https:\/\/ava-portal.com\/#\/schema\/person\/9e84b7b6d3d3b39afee4ed5270e6fb6e","name":"Anne-ava-portal","image":{"@type":"ImageObject","inLanguage":"en-GB","@id":"https:\/\/ava-portal.com\/wp-content\/uploads\/2022\/10\/Logo_AnneBichler.png","url":"https:\/\/ava-portal.com\/wp-content\/uploads\/2022\/10\/Logo_AnneBichler.png","contentUrl":"https:\/\/ava-portal.com\/wp-content\/uploads\/2022\/10\/Logo_AnneBichler.png","width":591,"height":236,"caption":"Anne-ava-portal"},"logo":{"@id":"https:\/\/ava-portal.com\/wp-content\/uploads\/2022\/10\/Logo_AnneBichler.png"},"sameAs":["http:\/\/ava-portal.com"]}]}},"_links":{"self":[{"href":"https:\/\/ava-portal.com\/en\/wp-json\/wp\/v2\/pages\/397","targetHints":{"allow":["GET"]}}],"collection":[{"href":"https:\/\/ava-portal.com\/en\/wp-json\/wp\/v2\/pages"}],"about":[{"href":"https:\/\/ava-portal.com\/en\/wp-json\/wp\/v2\/types\/page"}],"author":[{"embeddable":true,"href":"https:\/\/ava-portal.com\/en\/wp-json\/wp\/v2\/users\/1"}],"replies":[{"embeddable":true,"href":"https:\/\/ava-portal.com\/en\/wp-json\/wp\/v2\/comments?post=397"}],"version-history":[{"count":10,"href":"https:\/\/ava-portal.com\/en\/wp-json\/wp\/v2\/pages\/397\/revisions"}],"predecessor-version":[{"id":1838,"href":"https:\/\/ava-portal.com\/en\/wp-json\/wp\/v2\/pages\/397\/revisions\/1838"}],"wp:attachment":[{"href":"https:\/\/ava-portal.com\/en\/wp-json\/wp\/v2\/media?parent=397"}],"curies":[{"name":"wp","href":"https:\/\/api.w.org\/{rel}","templated":true}]}}